{"id":7822,"date":"2026-04-21T09:31:07","date_gmt":"2026-04-21T06:31:07","guid":{"rendered":"https:\/\/konnola.fi\/?page_id=7822"},"modified":"2026-04-21T09:56:20","modified_gmt":"2026-04-21T06:56:20","slug":"tietosuojaseloste","status":"publish","type":"page","link":"https:\/\/konnola.fi\/en\/tietosuojaseloste\/","title":{"rendered":"Tietosuojaseloste"},"content":{"rendered":"<div data-elementor-type=\"wp-page\" data-elementor-id=\"7822\" class=\"elementor elementor-7822\">\n\t\t\t\t<div class=\"elementor-element elementor-element-517d36d e-flex e-con-boxed e-con e-parent\" data-id=\"517d36d\" data-element_type=\"container\" data-e-type=\"container\" data-settings=\"{&quot;background_background&quot;:&quot;classic&quot;}\">\n\t\t\t\t\t<div class=\"e-con-inner\">\n\t\t\t\t<div class=\"elementor-element elementor-element-196feec elementor-widget elementor-widget-heading\" data-id=\"196feec\" data-element_type=\"widget\" data-e-type=\"widget\" data-widget_type=\"heading.default\">\n\t\t\t\t<div class=\"elementor-widget-container\">\n\t\t\t\t\t<h1 class=\"elementor-heading-title elementor-size-default\">Privacy policy and cookies<\/h1>\t\t\t\t<\/div>\n\t\t\t\t<\/div>\n\t\t\t\t\t<\/div>\n\t\t\t\t<\/div>\n\t\t<div class=\"elementor-element elementor-element-7082de37 e-flex e-con-boxed e-con e-parent\" data-id=\"7082de37\" data-element_type=\"container\" data-e-type=\"container\">\n\t\t\t\t\t<div class=\"e-con-inner\">\n\t\t\t\t<div class=\"elementor-element elementor-element-06ae35f elementor-widget elementor-widget-spacer\" data-id=\"06ae35f\" data-element_type=\"widget\" data-e-type=\"widget\" data-widget_type=\"spacer.default\">\n\t\t\t\t<div class=\"elementor-widget-container\">\n\t\t\t\t\t\t\t<div class=\"elementor-spacer\">\n\t\t\t<div class=\"elementor-spacer-inner\"><\/div>\n\t\t<\/div>\n\t\t\t\t\t\t<\/div>\n\t\t\t\t<\/div>\n\t\t\t\t<div class=\"elementor-element elementor-element-8a121e3 elementor-widget elementor-widget-text-editor\" data-id=\"8a121e3\" data-element_type=\"widget\" data-e-type=\"widget\" data-widget_type=\"text-editor.default\">\n\t\t\t\t<div class=\"elementor-widget-container\">\n\t\t\t\t\t\t\t\t\t<h4 class=\"is-style-title--small wp-block-heading\">Registrar<\/h4>\n<p class=\"translation-block\">K\u00f6nn\u00f6l\u00e4n Matkailutila\/Maatalousyhtym\u00e4 K\u00f6nn\u00f6l\u00e4<br>Rimmil\u00e4ntie 739, 14450 Rimmil\u00e4<br>Phone: +358 400684769<br>Email: konnola@konnola.fi<br><br><\/p>\n<h4 class=\"is-style-title--small wp-block-heading\">Registry name<\/h4>\n<p>Customer register for K\u00f6nn\u00f6l\u00e4n Matkailutila<br \/><br \/><\/p>\n<h4 class=\"is-style-title--small wp-block-heading\">Purpose of processing personal data<\/h4>\n<p>The purpose of this register is to store passenger information, enable customer service contacts, and maintain customer relationships.<\/p>\n<p>Customer data may be used for targeted electronic marketing if the customer has given their consent. In addition, the register is collected to enable online trading using the company's website, such as the transmission of order information, billing information, payment confirmation information or processing information between the merchant and the customer.<br \/><br \/><\/p>\n<h4 class=\"is-style-title--small wp-block-heading\">Data content of the register<\/h4>\n<p class=\"translation-block\">First and last name<br>Contact information: address and postal code, telephone number, email address<br>Possible customer-specific accommodation information<br><br><\/p>\n<h4 class=\"is-style-title--small wp-block-heading\">Regular data sources<\/h4>\n<p>The customer provides their information when booking a cottage or ordering another service.<br \/><br \/><\/p>\n<h4 class=\"is-style-title--small wp-block-heading\">Regular data transfers and data transfers<\/h4>\n<p>Data may be disclosed within the limits required by applicable law. Data will not be transferred outside the EU or the European Economic Area.<br \/><br \/><\/p>\n<h4 class=\"is-style-title--small wp-block-heading\">Registry protection<\/h4>\n<p>Only the controller and employees of companies acting on its behalf and on its behalf can access the complete register data. The databases related to the register are protected by firewalls, passwords and other technical means generally accepted in the information security industry.<br \/><br \/><\/p>\n<h4 class=\"is-style-title--small wp-block-heading\">Right of inspection<\/h4>\n<p>In accordance with Section 26 of the Personal Data Act, the data subject has the right to inspect what information about him or her has been stored in the personal data register. The inspection request must be made in writing, in a personally signed letter, or in person at the data controller's office.<br \/><br \/><\/p>\n<h4 class=\"is-style-title--small wp-block-heading\">Information security<\/h4>\n<p>The website contains forms through which user data related to the company's rental operations is stored in the database (e.g. booking accommodation or services online, booking inquiry, newsletter subscription).<\/p>\n<p>The information is treated confidentially and the purpose of collecting it is to facilitate communication between the system and the person using the service, which is essentially related to customer service. The information is not disclosed outside the company or its technical service providers.<br \/><br \/><\/p>\n<h4 class=\"is-style-title--small wp-block-heading\">Cookies<\/h4>\n<p>This website uses cookies. Cookies allow us to collect information such as which page you came from, which of our websites you have browsed and when, which browser you are using, your screen resolution and operating system, and your computer's IP address, i.e. the internet address from which the information you send comes and where it is received.<\/p>\n<p>The visitor has the option to prevent the use of cookies by changing the settings of his\/her internet browser so that the browser does not allow the storage of cookies. The visitor accepts that for some services, preventing the use of cookies may, however, affect the functionality of the service.<\/p>\t\t\t\t\t\t\t\t<\/div>\n\t\t\t\t<\/div>\n\t\t\t\t\t<\/div>\n\t\t\t\t<\/div>\n\t\t\t\t<\/div>","protected":false},"excerpt":{"rendered":"<p>Tietosuojaseloste ja ev\u00e4steet Rekisterin pit\u00e4j\u00e4 K\u00f6nn\u00f6l\u00e4n Matkailutila\/Maatalousyhtym\u00e4 K\u00f6nn\u00f6l\u00e4Rimmil\u00e4ntie 739, 14450 Rimmil\u00e4Puhelin: +358 400684769S\u00e4hk\u00f6postiosoite: konnola@konnola.fi Rekisterin nimi K\u00f6nn\u00f6l\u00e4n Matkailutilan asiakasrekisteri Henkil\u00f6tietojen k\u00e4sittelyn tarkoitus T\u00e4m\u00e4n rekisterin tarkoituksena on matkustajatietojen s\u00e4ilytt\u00e4minen, asiakaspalvelun edellytt\u00e4mien yhteydenottojen mahdollistaminen ja asiakassuhteen yll\u00e4pito. Asiakkaan tietoja voidaan k\u00e4ytt\u00e4\u00e4 s\u00e4hk\u00f6iseen kohdennettuun markkinointiin, mik\u00e4li asiakas on antanut t\u00e4h\u00e4n suostumuksensa. T\u00e4m\u00e4n lis\u00e4ksi rekisteri\u00e4 ker\u00e4t\u00e4\u00e4n, jotta mahdollistetaan yrityksen<\/p>","protected":false},"author":1,"featured_media":6248,"parent":0,"menu_order":0,"comment_status":"closed","ping_status":"closed","template":"elementor_header_footer","meta":{"solace_meta_sidebar":"","solace_meta_container":"","solace_meta_enable_content_width":"","solace_meta_content_width":0,"solace_meta_title_alignment":"","solace_meta_author_avatar":"","solace_post_elements_order":"","solace_meta_disable_header":"","solace_meta_disable_footer":"","solace_meta_disable_title":"","footnotes":""},"class_list":["post-7822","page","type-page","status-publish","has-post-thumbnail","hentry"],"yoast_head":"<!-- This site is optimized with the Yoast SEO plugin v27.2 - https:\/\/yoast.com\/product\/yoast-seo-wordpress\/ -->\n<title>Tietosuojaseloste - K\u00f6nn\u00f6l\u00e4n Matkailutila<\/title>\n<meta name=\"robots\" content=\"index, follow, max-snippet:-1, max-image-preview:large, max-video-preview:-1\" \/>\n<link rel=\"canonical\" href=\"https:\/\/konnola.fi\/en\/tietosuojaseloste\/\" \/>\n<meta property=\"og:locale\" content=\"en_GB\" \/>\n<meta property=\"og:type\" content=\"article\" \/>\n<meta property=\"og:title\" content=\"Tietosuojaseloste - K\u00f6nn\u00f6l\u00e4n Matkailutila\" \/>\n<meta property=\"og:description\" content=\"Tietosuojaseloste ja ev\u00e4steet Rekisterin pit\u00e4j\u00e4 K\u00f6nn\u00f6l\u00e4n Matkailutila\/Maatalousyhtym\u00e4 K\u00f6nn\u00f6l\u00e4Rimmil\u00e4ntie 739, 14450 Rimmil\u00e4Puhelin: +358 400684769S\u00e4hk\u00f6postiosoite: konnola@konnola.fi Rekisterin nimi K\u00f6nn\u00f6l\u00e4n Matkailutilan asiakasrekisteri Henkil\u00f6tietojen k\u00e4sittelyn tarkoitus T\u00e4m\u00e4n rekisterin tarkoituksena on matkustajatietojen s\u00e4ilytt\u00e4minen, asiakaspalvelun edellytt\u00e4mien yhteydenottojen mahdollistaminen ja asiakassuhteen yll\u00e4pito. Asiakkaan tietoja voidaan k\u00e4ytt\u00e4\u00e4 s\u00e4hk\u00f6iseen kohdennettuun markkinointiin, mik\u00e4li asiakas on antanut t\u00e4h\u00e4n suostumuksensa. T\u00e4m\u00e4n lis\u00e4ksi rekisteri\u00e4 ker\u00e4t\u00e4\u00e4n, jotta mahdollistetaan yrityksen\" \/>\n<meta property=\"og:url\" content=\"https:\/\/konnola.fi\/en\/tietosuojaseloste\/\" \/>\n<meta property=\"og:site_name\" content=\"K\u00f6nn\u00f6l\u00e4n Matkailutila\" \/>\n<meta property=\"article:publisher\" content=\"https:\/\/www.facebook.com\/konnolanmatkailutila\/\" \/>\n<meta property=\"article:modified_time\" content=\"2026-04-21T06:56:20+00:00\" \/>\n<meta property=\"og:image\" content=\"https:\/\/konnola.fi\/wordpress\/wp-content\/uploads\/2025\/10\/4d8faeab-932f-4204-8ae2-2e481610022e.jpg\" \/>\n\t<meta property=\"og:image:width\" content=\"1541\" \/>\n\t<meta property=\"og:image:height\" content=\"1156\" \/>\n\t<meta property=\"og:image:type\" content=\"image\/jpeg\" \/>\n<meta name=\"twitter:card\" content=\"summary_large_image\" \/>\n<meta name=\"twitter:label1\" content=\"Estimated reading time\" \/>\n\t<meta name=\"twitter:data1\" content=\"2 minutes\" \/>\n<script type=\"application\/ld+json\" class=\"yoast-schema-graph\">{\"@context\":\"https:\/\/schema.org\",\"@graph\":[{\"@type\":\"WebPage\",\"@id\":\"https:\/\/konnola.fi\/tietosuojaseloste\/\",\"url\":\"https:\/\/konnola.fi\/tietosuojaseloste\/\",\"name\":\"Tietosuojaseloste - K\u00f6nn\u00f6l\u00e4n Matkailutila\",\"isPartOf\":{\"@id\":\"https:\/\/konnola.fi\/#website\"},\"primaryImageOfPage\":{\"@id\":\"https:\/\/konnola.fi\/tietosuojaseloste\/#primaryimage\"},\"image\":{\"@id\":\"https:\/\/konnola.fi\/tietosuojaseloste\/#primaryimage\"},\"thumbnailUrl\":\"https:\/\/konnola.fi\/wordpress\/wp-content\/uploads\/2025\/10\/4d8faeab-932f-4204-8ae2-2e481610022e.jpg\",\"datePublished\":\"2026-04-21T06:31:07+00:00\",\"dateModified\":\"2026-04-21T06:56:20+00:00\",\"breadcrumb\":{\"@id\":\"https:\/\/konnola.fi\/tietosuojaseloste\/#breadcrumb\"},\"inLanguage\":\"en-GB\",\"potentialAction\":[{\"@type\":\"ReadAction\",\"target\":[\"https:\/\/konnola.fi\/tietosuojaseloste\/\"]}]},{\"@type\":\"ImageObject\",\"inLanguage\":\"en-GB\",\"@id\":\"https:\/\/konnola.fi\/tietosuojaseloste\/#primaryimage\",\"url\":\"https:\/\/konnola.fi\/wordpress\/wp-content\/uploads\/2025\/10\/4d8faeab-932f-4204-8ae2-2e481610022e.jpg\",\"contentUrl\":\"https:\/\/konnola.fi\/wordpress\/wp-content\/uploads\/2025\/10\/4d8faeab-932f-4204-8ae2-2e481610022e.jpg\",\"width\":1541,\"height\":1156,\"caption\":\"Auringonlaskusta voi nauttia mets\u00e4\u00e4n rakennetulla laavulla\"},{\"@type\":\"BreadcrumbList\",\"@id\":\"https:\/\/konnola.fi\/tietosuojaseloste\/#breadcrumb\",\"itemListElement\":[{\"@type\":\"ListItem\",\"position\":1,\"name\":\"Etusivu\",\"item\":\"https:\/\/konnola.fi\/\"},{\"@type\":\"ListItem\",\"position\":2,\"name\":\"Tietosuojaseloste\"}]},{\"@type\":\"WebSite\",\"@id\":\"https:\/\/konnola.fi\/#website\",\"url\":\"https:\/\/konnola.fi\/\",\"name\":\"K\u00f6nn\u00f6l\u00e4n Matkailutila\",\"description\":\"Vuokram\u00f6kit &amp; juhla- ja kokoustila H\u00e4meenlinna\",\"publisher\":{\"@id\":\"https:\/\/konnola.fi\/#organization\"},\"potentialAction\":[{\"@type\":\"SearchAction\",\"target\":{\"@type\":\"EntryPoint\",\"urlTemplate\":\"https:\/\/konnola.fi\/?s={search_term_string}\"},\"query-input\":{\"@type\":\"PropertyValueSpecification\",\"valueRequired\":true,\"valueName\":\"search_term_string\"}}],\"inLanguage\":\"en-GB\"},{\"@type\":\"Organization\",\"@id\":\"https:\/\/konnola.fi\/#organization\",\"name\":\"K\u00f6nn\u00f6l\u00e4n Matkailutila\",\"url\":\"https:\/\/konnola.fi\/\",\"logo\":{\"@type\":\"ImageObject\",\"inLanguage\":\"en-GB\",\"@id\":\"https:\/\/konnola.fi\/#\/schema\/logo\/image\/\",\"url\":\"https:\/\/konnola.fi\/wordpress\/wp-content\/uploads\/2025\/07\/KONNOLAN-MATKAILUTILA-logo.png\",\"contentUrl\":\"https:\/\/konnola.fi\/wordpress\/wp-content\/uploads\/2025\/07\/KONNOLAN-MATKAILUTILA-logo.png\",\"width\":500,\"height\":500,\"caption\":\"K\u00f6nn\u00f6l\u00e4n Matkailutila\"},\"image\":{\"@id\":\"https:\/\/konnola.fi\/#\/schema\/logo\/image\/\"},\"sameAs\":[\"https:\/\/www.facebook.com\/konnolanmatkailutila\/\",\"https:\/\/www.instagram.com\/konnolanmatkailutila\"]}]}<\/script>\n<!-- \/ Yoast SEO plugin. -->","yoast_head_json":{"title":"Tietosuojaseloste - K\u00f6nn\u00f6l\u00e4n Matkailutila","robots":{"index":"index","follow":"follow","max-snippet":"max-snippet:-1","max-image-preview":"max-image-preview:large","max-video-preview":"max-video-preview:-1"},"canonical":"https:\/\/konnola.fi\/en\/tietosuojaseloste\/","og_locale":"en_GB","og_type":"article","og_title":"Tietosuojaseloste - K\u00f6nn\u00f6l\u00e4n Matkailutila","og_description":"Tietosuojaseloste ja ev\u00e4steet Rekisterin pit\u00e4j\u00e4 K\u00f6nn\u00f6l\u00e4n Matkailutila\/Maatalousyhtym\u00e4 K\u00f6nn\u00f6l\u00e4Rimmil\u00e4ntie 739, 14450 Rimmil\u00e4Puhelin: +358 400684769S\u00e4hk\u00f6postiosoite: konnola@konnola.fi Rekisterin nimi K\u00f6nn\u00f6l\u00e4n Matkailutilan asiakasrekisteri Henkil\u00f6tietojen k\u00e4sittelyn tarkoitus T\u00e4m\u00e4n rekisterin tarkoituksena on matkustajatietojen s\u00e4ilytt\u00e4minen, asiakaspalvelun edellytt\u00e4mien yhteydenottojen mahdollistaminen ja asiakassuhteen yll\u00e4pito. Asiakkaan tietoja voidaan k\u00e4ytt\u00e4\u00e4 s\u00e4hk\u00f6iseen kohdennettuun markkinointiin, mik\u00e4li asiakas on antanut t\u00e4h\u00e4n suostumuksensa. T\u00e4m\u00e4n lis\u00e4ksi rekisteri\u00e4 ker\u00e4t\u00e4\u00e4n, jotta mahdollistetaan yrityksen","og_url":"https:\/\/konnola.fi\/en\/tietosuojaseloste\/","og_site_name":"K\u00f6nn\u00f6l\u00e4n Matkailutila","article_publisher":"https:\/\/www.facebook.com\/konnolanmatkailutila\/","article_modified_time":"2026-04-21T06:56:20+00:00","og_image":[{"width":1541,"height":1156,"url":"https:\/\/konnola.fi\/wordpress\/wp-content\/uploads\/2025\/10\/4d8faeab-932f-4204-8ae2-2e481610022e.jpg","type":"image\/jpeg"}],"twitter_card":"summary_large_image","twitter_misc":{"Estimated reading time":"2 minutes"},"schema":{"@context":"https:\/\/schema.org","@graph":[{"@type":"WebPage","@id":"https:\/\/konnola.fi\/tietosuojaseloste\/","url":"https:\/\/konnola.fi\/tietosuojaseloste\/","name":"Tietosuojaseloste - K\u00f6nn\u00f6l\u00e4n Matkailutila","isPartOf":{"@id":"https:\/\/konnola.fi\/#website"},"primaryImageOfPage":{"@id":"https:\/\/konnola.fi\/tietosuojaseloste\/#primaryimage"},"image":{"@id":"https:\/\/konnola.fi\/tietosuojaseloste\/#primaryimage"},"thumbnailUrl":"https:\/\/konnola.fi\/wordpress\/wp-content\/uploads\/2025\/10\/4d8faeab-932f-4204-8ae2-2e481610022e.jpg","datePublished":"2026-04-21T06:31:07+00:00","dateModified":"2026-04-21T06:56:20+00:00","breadcrumb":{"@id":"https:\/\/konnola.fi\/tietosuojaseloste\/#breadcrumb"},"inLanguage":"en-GB","potentialAction":[{"@type":"ReadAction","target":["https:\/\/konnola.fi\/tietosuojaseloste\/"]}]},{"@type":"ImageObject","inLanguage":"en-GB","@id":"https:\/\/konnola.fi\/tietosuojaseloste\/#primaryimage","url":"https:\/\/konnola.fi\/wordpress\/wp-content\/uploads\/2025\/10\/4d8faeab-932f-4204-8ae2-2e481610022e.jpg","contentUrl":"https:\/\/konnola.fi\/wordpress\/wp-content\/uploads\/2025\/10\/4d8faeab-932f-4204-8ae2-2e481610022e.jpg","width":1541,"height":1156,"caption":"Auringonlaskusta voi nauttia mets\u00e4\u00e4n rakennetulla laavulla"},{"@type":"BreadcrumbList","@id":"https:\/\/konnola.fi\/tietosuojaseloste\/#breadcrumb","itemListElement":[{"@type":"ListItem","position":1,"name":"Etusivu","item":"https:\/\/konnola.fi\/"},{"@type":"ListItem","position":2,"name":"Tietosuojaseloste"}]},{"@type":"WebSite","@id":"https:\/\/konnola.fi\/#website","url":"https:\/\/konnola.fi\/","name":"K\u00f6nn\u00f6l\u00e4n Matkailutila","description":"Vuokram\u00f6kit &amp; juhla- ja kokoustila H\u00e4meenlinna","publisher":{"@id":"https:\/\/konnola.fi\/#organization"},"potentialAction":[{"@type":"SearchAction","target":{"@type":"EntryPoint","urlTemplate":"https:\/\/konnola.fi\/?s={search_term_string}"},"query-input":{"@type":"PropertyValueSpecification","valueRequired":true,"valueName":"search_term_string"}}],"inLanguage":"en-GB"},{"@type":"Organization","@id":"https:\/\/konnola.fi\/#organization","name":"K\u00f6nn\u00f6l\u00e4n Matkailutila","url":"https:\/\/konnola.fi\/","logo":{"@type":"ImageObject","inLanguage":"en-GB","@id":"https:\/\/konnola.fi\/#\/schema\/logo\/image\/","url":"https:\/\/konnola.fi\/wordpress\/wp-content\/uploads\/2025\/07\/KONNOLAN-MATKAILUTILA-logo.png","contentUrl":"https:\/\/konnola.fi\/wordpress\/wp-content\/uploads\/2025\/07\/KONNOLAN-MATKAILUTILA-logo.png","width":500,"height":500,"caption":"K\u00f6nn\u00f6l\u00e4n Matkailutila"},"image":{"@id":"https:\/\/konnola.fi\/#\/schema\/logo\/image\/"},"sameAs":["https:\/\/www.facebook.com\/konnolanmatkailutila\/","https:\/\/www.instagram.com\/konnolanmatkailutila"]}]}},"_links":{"self":[{"href":"https:\/\/konnola.fi\/en\/wp-json\/wp\/v2\/pages\/7822","targetHints":{"allow":["GET"]}}],"collection":[{"href":"https:\/\/konnola.fi\/en\/wp-json\/wp\/v2\/pages"}],"about":[{"href":"https:\/\/konnola.fi\/en\/wp-json\/wp\/v2\/types\/page"}],"author":[{"embeddable":true,"href":"https:\/\/konnola.fi\/en\/wp-json\/wp\/v2\/users\/1"}],"replies":[{"embeddable":true,"href":"https:\/\/konnola.fi\/en\/wp-json\/wp\/v2\/comments?post=7822"}],"version-history":[{"count":15,"href":"https:\/\/konnola.fi\/en\/wp-json\/wp\/v2\/pages\/7822\/revisions"}],"predecessor-version":[{"id":7838,"href":"https:\/\/konnola.fi\/en\/wp-json\/wp\/v2\/pages\/7822\/revisions\/7838"}],"wp:featuredmedia":[{"embeddable":true,"href":"https:\/\/konnola.fi\/en\/wp-json\/wp\/v2\/media\/6248"}],"wp:attachment":[{"href":"https:\/\/konnola.fi\/en\/wp-json\/wp\/v2\/media?parent=7822"}],"curies":[{"name":"wp","href":"https:\/\/api.w.org\/{rel}","templated":true}]}}