{"id":7528,"date":"2026-03-25T10:36:05","date_gmt":"2026-03-25T08:36:05","guid":{"rendered":"https:\/\/konnola.fi\/?page_id=7528"},"modified":"2026-04-09T12:13:12","modified_gmt":"2026-04-09T09:13:12","slug":"varaa","status":"publish","type":"page","link":"https:\/\/konnola.fi\/en\/varaa\/","title":{"rendered":"Varaa"},"content":{"rendered":"\t\t<div data-elementor-type=\"wp-page\" data-elementor-id=\"7528\" class=\"elementor elementor-7528\">\n\t\t\t\t<div class=\"elementor-element elementor-element-67c18a4 e-con-full e-flex e-con e-parent\" data-id=\"67c18a4\" data-element_type=\"container\" data-e-type=\"container\" data-settings=\"{&quot;background_background&quot;:&quot;classic&quot;}\">\n\t\t\t\t<div class=\"elementor-element elementor-element-63143d6 elementor-widget elementor-widget-heading\" data-id=\"63143d6\" data-element_type=\"widget\" data-e-type=\"widget\" data-widget_type=\"heading.default\">\n\t\t\t\t<div class=\"elementor-widget-container\">\n\t\t\t\t\t<h1 class=\"elementor-heading-title elementor-size-default\">Varaa majoitus<\/h1>\t\t\t\t<\/div>\n\t\t\t\t<\/div>\n\t\t\t\t<\/div>\n\t\t<div class=\"elementor-element elementor-element-5c1f21d2 e-flex e-con-boxed e-con e-parent\" data-id=\"5c1f21d2\" data-element_type=\"container\" data-e-type=\"container\">\n\t\t\t\t\t<div class=\"e-con-inner\">\n\t\t\t\t<div class=\"elementor-element elementor-element-73288b49 elementor-widget elementor-widget-text-editor\" data-id=\"73288b49\" data-element_type=\"widget\" data-e-type=\"widget\" data-widget_type=\"text-editor.default\">\n\t\t\t\t<div class=\"elementor-widget-container\">\n\t\t\t\t\t\t\t\t\t\t\t<!-- filter form -->\n\t\t<section class=\"webia_cts__ctscatalog_formsection \" style=\"background-color: #f1f1f1; --wcts-field-bg: #fff; --wcts-field-color: #000000; --wcts-controls-color: #980000;\">\n\t\t<form id=\"js-webia-cottages-catalog-filter\" class=\"webia_cts__ctscatalog_filters \">\n\n\t\t\t<div class=\"webia_cts__ctscatalog_fieldrow_section\">\n\t\t\t\t\t\t\t\t\n\t\t\t\t<div class=\"webia_cts__ctscatalog_date col-4\">\n\t\t\t\t\t<input class=\"webia_cts__ctscatalog_input date-picker\"\n\t\t\t\t\t\tdata-fuzzy=\"1\"\n\t\t\t\t\t\tdata-fuzzy-translation=\"Exact dates|\n\t\t\t\t\t\t\t\t\u00b11 days|\n\t\t\t\t\t\t\t\t\u00b12 days|\n\t\t\t\t\t\t\t\t\u00b13 days|\n\t\t\t\t\t\t\t\t\u00b17 days|\n\t\t\t\t\t\t\t\tDone|\"\n\t\t\t\t\t\ttype=\"text\" id=\"checkin\" name=\"checkin\" autocomplete=\"off\" placeholder=\"Check-in\">\n\t\t\t\t\t<input class=\"webia_cts__ctscatalog_input date-picker\" type=\"text\" id=\"checkout\" name=\"checkout\" autocomplete=\"off\" placeholder=\"Check-out\">\n\t\t\t\t<\/div>\n\t\t\t\t<div class=\"webia_cts__ctscatalog_field_wrap col-4\">\n\t\t\t\t\t<button class=\"webia_cts__ctscatalog_button-minus js-minus-action\" data-field=\"people\" style=\"background-color: #980000\">-<\/button>\n\t\t\t\t\t<input class=\"webia_cts__ctscatalog_input quantity-field\" type=\"number\" name=\"people\" id=\"people\" autocomplete=\"off\" value=\"2\" min=\"1\" max=\"20\">\n\t\t\t\t\t<button class=\"webia_cts__ctscatalog_button-plus js-plus-action\" data-field=\"people\" style=\"background-color: #980000\">+<\/button>\n\t\t\t\t\t<label class=\"webia_cts__ctscatalog_label\" for=\"people\">pers.<\/label>\n\t\t\t\t<\/div>\n\n\t\t\t\t\n\t\t\t\t<button type=\"submit\" class=\"webia_cts__ctscatalog_submit col-4 js-webia-search\" style=\"background-color: #980000\">\n\t\t\t\t\tSearch\t\t\t\t\t<div class=\"js-preloader webia_cottages__preloader-layer\">\n\t\t\t\t\t\t<div class=\"webia_cottages__preloader-wrapper\">\n\t\t\t\t\t\t\t<div class=\"webia_cottages__preloader-spinner-layer webia_cottages__spinner-blue-only\">\n\t\t\t\t\t\t\t\t<div class=\"webia_cottages__preloader-circle-clipper\">\n\t\t\t\t\t\t\t\t\t<div class=\"webia_cottages__preloader-circle left\"><\/div>\n\t\t\t\t\t\t\t\t<\/div><div class=\"webia_cottages__preloader-gap-patch\">\n\t\t\t\t\t\t\t\t\t<div class=\"webia_cottages__preloader-gap-patch-circle\"><\/div>\n\t\t\t\t\t\t\t\t<\/div><div class=\"webia_cottages__preloader-circle-clipper\">\n\t\t\t\t\t\t\t\t\t<div class=\"webia_cottages__preloader-circle right\"><\/div>\n\t\t\t\t\t\t\t\t<\/div>\n\t\t\t\t\t\t\t<\/div>\n\t\t\t\t\t\t<\/div>\n\t\t\t\t\t<\/div>\n\t\t\t\t<\/button>\n\t\t\t\t\t\t\t<\/div>\n\n\t\t<\/form>\n\t\t<\/section>\n\t\t<!-- \/filter form -->\n\t\t\t\t\t<section class=\"webia_cottages__prelistsection js-webia-prelistsection\">\n\n\t\t\t\t<select class=\"webia_cts__ctscatalog_sortfield select js-ordering\" id=\"ordering\" name=\"ordeing\">\n\t\t\t\t\t<option value=\"\">Most popular<\/option>\n\t\t\t\t\t<option value=\"price\">Least expensive first<\/option>\n\t\t\t\t\t<option value=\"-price\">Most expensive first<\/option>\n\t\t\t\t<\/select>\n\t\t\t\t\n\t\t\t\t\t\t\t<\/section>\n\t\t\t\t<!-- cottage cards -->\n\t\t<section class=\"section--general pt-small\">\n\t\t\t<div id=\"js-webia-cottages-grid\" class=\"webia_cottages__listing \">\n\n\t\t\t\t<div class=\"webia_cottages__listing__loader js-preloader\">\n\t\t\t\t\t<div class=\"webia_cottages__preloader-wrapper webia_cottages__preloader-wrapper--big\">\n\t\t\t\t\t\t<div class=\"webia_cottages__preloader-spinner-layer webia_cottages__spinner-blue-only\">\n\t\t\t\t\t\t\t<div class=\"webia_cottages__preloader-circle-clipper\">\n\t\t\t\t\t\t\t\t<div class=\"webia_cottages__preloader-circle left\"><\/div>\n\t\t\t\t\t\t\t<\/div><div class=\"webia_cottages__preloader-gap-patch\">\n\t\t\t\t\t\t\t\t<div class=\"webia_cottages__preloader-gap-patch-circle\"><\/div>\n\t\t\t\t\t\t\t<\/div><div class=\"webia_cottages__preloader-circle-clipper\">\n\t\t\t\t\t\t\t\t<div class=\"webia_cottages__preloader-circle right\"><\/div>\n\t\t\t\t\t\t\t<\/div>\n\t\t\t\t\t\t<\/div>\n\t\t\t\t\t<\/div>\n\t\t\t\t<\/div>\n\t\t\t<\/div>\n\t\t\t<div class=\"js-webia-grid-template\" style=\"display: none\">\n\t\t\t\t<!-- Cottage card -->\n\t\t\t\t<div class=\"webia_cottages__listing__item js-cottage\" id=\"cottage_%cottage_id%\" data-id=\"%cottage_id%\">\n\t\t\t\t\t\t\t\t\t\t<a href=\"\/\" class=\"webia_cottages__listing__image\">\t\t\t\t\t\t\n\t\t\t\t\t\t<div class=\"webia_cottages__listing__price js-price-wrap\"><span class=\"js-price\">0<\/span>&nbsp;<span class=\"js-currency\">\u20ac<\/span><\/div>\n\t\t\t\t\t\t<img class=\"lazyload\" %cottage_image_src% alt=\"%cottage_name%\">\n\t\t\t\t\t<\/a>\n\t\t\t\t\t<div class=\"webia_cottages__listing__title\">\n\t\t\t\t\t\t<h2 class=\"webia_cottages__listing__title-text\">\n\t\t\t\t\t\t\t<a href=\"\/\">\n\t\t\t\t\t\t\t\t%cottage_name%\n\t\t\t\t\t\t\t<\/a>\n\t\t\t\t\t\t<\/h2>\n\t\t\t\t\t\t<div class=\"webia_cottages__listing__searchlinks\">\n\t\t\t\t\t\t\t%cottage_search_links%\n\t\t\t\t\t\t<\/div>\n\t\t\t\t\t\t<div class=\"webia_cottages__listing__icons\">\n\t\t\t\t\t\t\t<div class=\"webia_cottages__listing__icon__wrapper\"><span class=\"webia_cottages__listing__icon webia_cottages__listing__icon--people\"><\/span>Guests:&nbsp;<nobr class=\"js-guest_qty\">%cottage_guests%<\/nobr><\/div>\n\t\t\t\t\t\t\t<div class=\"webia_cottages__listing__icon__wrapper\"><span class=\"webia_cottages__listing__icon webia_cottages__listing__icon--bedroom\"><\/span>BR:&nbsp;<nobr class=\"js-bedroom_qty\">%cottage_bedrooms%<\/nobr><\/div>\n\t\t\t\t\t\t\t<div class=\"webia_cottages__listing__icon__wrapper\"><span class=\"webia_cottages__listing__icon webia_cottages__listing__icon--type\"><\/span><nobr class=\"js-variety\">%cottage_variety%<\/nobr><\/div>\n\t\t\t\t\t\t<\/div>\n\t\t\t\t\t<\/div>\n\t\t\t\t\t<div class=\"webia_cottages__listing__bottom\">\t\t\t\t\t\t\n\t\t\t\t\t\t<a href=\"\/\" class=\"webia_cottages__listing__btn\" style=\"background-color: #980000\">\n\t\t\t\t\t\t\t\t\t\t\t\t\t\t\tBook\t\t\t\t\t\t\t\t\t\t\t\t\t<\/a>\n\t\t\t\t\t<\/div>\n\t\t\t\t<\/div>\n\t\t\t\t<!-- \/Cottage card -->\n\t\t\t<\/div>\n\t\t\t<div class=\"js-webia-price-from-template\" style=\"display: none\">\n\t\t\t\tfrom&nbsp;<span class=\"js-price\">%price%<span>&nbsp;\u20ac<\/div>\n\t\t\t<\/div>\t\t\t\n\t\t\t<div class=\"webia_cottages__listing js-webia-catalog-empty_message js-cottage_hide\">\n\t\t\t\t<p class=\"webia_cottages__listing__title-text\">Unfortunately, there are no cottages available for selected criteria.<\/p>\n\t\t\t<\/div>\n\t\t\t<div class=\"webia_cottages__paginator\">\n\t\t\t\t<div id=\"js-webia-catalog-paginator\" class=\"webia_cottages__paginator__body\"><\/div>\n\t\t\t<\/div>\n\t\t\t<select class=\"js-webia-variety-options\" style=\"display: none\">\n\t\t\t\t<option value=\"cottage\">Cottage<\/option>\n\t\t\t\t<option value=\"villa_lux\">Luxury villa<\/option>\n\t\t\t\t<option value=\"manor\">Manor<\/option>\n\t\t\t\t<option value=\"bnb\">B&B<\/option>\n\t\t\t\t<option value=\"room\">Room<\/option>\n\t\t\t\t<option value=\"unusual\">Other accommodation<\/option>\n\t\t\t<\/select>\n\t\t<\/section>\n\t\t<!-- \/cottage cards -->\n\t\t\t\t<script>\n\t\t\tvar webiaCatalogCards = [{\"id\":2882,\"order\":50,\"link\":\"https:\\\/\\\/konnola.fi\\\/en\\\/myllytupa\\\/\",\"image\":\"https:\\\/\\\/konnola.fi\\\/wordpress\\\/wp-content\\\/uploads\\\/2026\\\/03\\\/ACsIz-tRZ2rX_2880x1800_mtdhGWCw.jpg\",\"title\":\"Vuokram\\u00f6kki H\\u00e4meenlinnassa Myllytupa 2+4\",\"max_guests\":2,\"extra_guests\":4,\"bedroom_qty\":1,\"kunta\":\"\",\"region\":\"\",\"ski_resort\":\"\",\"national_park\":\"\",\"variety\":\"cottage\",\"price\":null,\"before_discount\":null,\"deviation\":0},{\"id\":2881,\"order\":50,\"link\":\"https:\\\/\\\/konnola.fi\\\/en\\\/pikkukilpilampi\\\/\",\"image\":\"https:\\\/\\\/konnola.fi\\\/wordpress\\\/wp-content\\\/uploads\\\/2026\\\/03\\\/Co0236tpgSYE_2880x1800_mtdhGWCw.jpg\",\"title\":\"Vuokram\\u00f6kki H\\u00e4meenlinnassa - Pikkukilpilampi\",\"max_guests\":4,\"extra_guests\":1,\"bedroom_qty\":2,\"kunta\":\"\",\"region\":\"\",\"ski_resort\":\"\",\"national_park\":\"\",\"variety\":\"cottage\",\"price\":null,\"before_discount\":null,\"deviation\":0}];\n\t\t\tvar webiaCatalogPages = 1;\n\t\t\tvar kalenteriCatalogCardsPerPage = 10;\n\t\t\tvar webiaPermanentCottagesFilter = {\"has_filter\":false,\"kind\":\"\",\"value\":\"\"};\n\t\t<\/script>\n\t\t\t\t\t\t\t\t\t\t<\/div>\n\t\t\t\t<\/div>\n\t\t\t\t\t<\/div>\n\t\t\t\t<\/div>\n\t\t\t\t<\/div>\n\t\t","protected":false},"excerpt":{"rendered":"<p>Varaa majoitus<\/p>","protected":false},"author":1,"featured_media":0,"parent":0,"menu_order":0,"comment_status":"closed","ping_status":"closed","template":"elementor_header_footer","meta":{"solace_meta_sidebar":"","solace_meta_container":"","solace_meta_enable_content_width":"","solace_meta_content_width":0,"solace_meta_title_alignment":"","solace_meta_author_avatar":"","solace_post_elements_order":"","solace_meta_disable_header":"","solace_meta_disable_footer":"","solace_meta_disable_title":"","footnotes":""},"class_list":["post-7528","page","type-page","status-publish","hentry"],"yoast_head":"<!-- This site is optimized with the Yoast SEO plugin v27.2 - https:\/\/yoast.com\/product\/yoast-seo-wordpress\/ -->\n<title>Varaa - K\u00f6nn\u00f6l\u00e4n Matkailutila<\/title>\n<meta name=\"robots\" content=\"index, follow, max-snippet:-1, max-image-preview:large, max-video-preview:-1\" \/>\n<link rel=\"canonical\" href=\"https:\/\/konnola.fi\/en\/varaa\/\" \/>\n<meta property=\"og:locale\" content=\"en_GB\" \/>\n<meta property=\"og:type\" content=\"article\" \/>\n<meta property=\"og:title\" content=\"Varaa - K\u00f6nn\u00f6l\u00e4n Matkailutila\" \/>\n<meta property=\"og:description\" content=\"Varaa majoitus\" \/>\n<meta property=\"og:url\" content=\"https:\/\/konnola.fi\/en\/varaa\/\" \/>\n<meta property=\"og:site_name\" content=\"K\u00f6nn\u00f6l\u00e4n Matkailutila\" \/>\n<meta property=\"article:publisher\" content=\"https:\/\/www.facebook.com\/konnolanmatkailutila\/\" \/>\n<meta property=\"article:modified_time\" content=\"2026-04-09T09:13:12+00:00\" \/>\n<meta name=\"twitter:card\" content=\"summary_large_image\" \/>\n<meta name=\"twitter:label1\" content=\"Estimated reading time\" \/>\n\t<meta name=\"twitter:data1\" content=\"1 minute\" \/>\n<script type=\"application\/ld+json\" class=\"yoast-schema-graph\">{\"@context\":\"https:\/\/schema.org\",\"@graph\":[{\"@type\":\"WebPage\",\"@id\":\"https:\/\/konnola.fi\/varaa\/\",\"url\":\"https:\/\/konnola.fi\/varaa\/\",\"name\":\"Varaa - K\u00f6nn\u00f6l\u00e4n Matkailutila\",\"isPartOf\":{\"@id\":\"https:\/\/konnola.fi\/#website\"},\"datePublished\":\"2026-03-25T08:36:05+00:00\",\"dateModified\":\"2026-04-09T09:13:12+00:00\",\"breadcrumb\":{\"@id\":\"https:\/\/konnola.fi\/varaa\/#breadcrumb\"},\"inLanguage\":\"en-GB\",\"potentialAction\":[{\"@type\":\"ReadAction\",\"target\":[\"https:\/\/konnola.fi\/varaa\/\"]}]},{\"@type\":\"BreadcrumbList\",\"@id\":\"https:\/\/konnola.fi\/varaa\/#breadcrumb\",\"itemListElement\":[{\"@type\":\"ListItem\",\"position\":1,\"name\":\"Etusivu\",\"item\":\"https:\/\/konnola.fi\/\"},{\"@type\":\"ListItem\",\"position\":2,\"name\":\"Varaa\"}]},{\"@type\":\"WebSite\",\"@id\":\"https:\/\/konnola.fi\/#website\",\"url\":\"https:\/\/konnola.fi\/\",\"name\":\"K\u00f6nn\u00f6l\u00e4n Matkailutila\",\"description\":\"Vuokram\u00f6kit &amp; juhla- ja kokoustila H\u00e4meenlinna\",\"publisher\":{\"@id\":\"https:\/\/konnola.fi\/#organization\"},\"potentialAction\":[{\"@type\":\"SearchAction\",\"target\":{\"@type\":\"EntryPoint\",\"urlTemplate\":\"https:\/\/konnola.fi\/?s={search_term_string}\"},\"query-input\":{\"@type\":\"PropertyValueSpecification\",\"valueRequired\":true,\"valueName\":\"search_term_string\"}}],\"inLanguage\":\"en-GB\"},{\"@type\":\"Organization\",\"@id\":\"https:\/\/konnola.fi\/#organization\",\"name\":\"K\u00f6nn\u00f6l\u00e4n Matkailutila\",\"url\":\"https:\/\/konnola.fi\/\",\"logo\":{\"@type\":\"ImageObject\",\"inLanguage\":\"en-GB\",\"@id\":\"https:\/\/konnola.fi\/#\/schema\/logo\/image\/\",\"url\":\"https:\/\/konnola.fi\/wordpress\/wp-content\/uploads\/2025\/07\/KONNOLAN-MATKAILUTILA-logo.png\",\"contentUrl\":\"https:\/\/konnola.fi\/wordpress\/wp-content\/uploads\/2025\/07\/KONNOLAN-MATKAILUTILA-logo.png\",\"width\":500,\"height\":500,\"caption\":\"K\u00f6nn\u00f6l\u00e4n Matkailutila\"},\"image\":{\"@id\":\"https:\/\/konnola.fi\/#\/schema\/logo\/image\/\"},\"sameAs\":[\"https:\/\/www.facebook.com\/konnolanmatkailutila\/\",\"https:\/\/www.instagram.com\/konnolanmatkailutila\"]}]}<\/script>\n<!-- \/ Yoast SEO plugin. -->","yoast_head_json":{"title":"Varaa - K\u00f6nn\u00f6l\u00e4n Matkailutila","robots":{"index":"index","follow":"follow","max-snippet":"max-snippet:-1","max-image-preview":"max-image-preview:large","max-video-preview":"max-video-preview:-1"},"canonical":"https:\/\/konnola.fi\/en\/varaa\/","og_locale":"en_GB","og_type":"article","og_title":"Varaa - K\u00f6nn\u00f6l\u00e4n Matkailutila","og_description":"Varaa majoitus","og_url":"https:\/\/konnola.fi\/en\/varaa\/","og_site_name":"K\u00f6nn\u00f6l\u00e4n Matkailutila","article_publisher":"https:\/\/www.facebook.com\/konnolanmatkailutila\/","article_modified_time":"2026-04-09T09:13:12+00:00","twitter_card":"summary_large_image","twitter_misc":{"Estimated reading time":"1 minute"},"schema":{"@context":"https:\/\/schema.org","@graph":[{"@type":"WebPage","@id":"https:\/\/konnola.fi\/varaa\/","url":"https:\/\/konnola.fi\/varaa\/","name":"Varaa - K\u00f6nn\u00f6l\u00e4n Matkailutila","isPartOf":{"@id":"https:\/\/konnola.fi\/#website"},"datePublished":"2026-03-25T08:36:05+00:00","dateModified":"2026-04-09T09:13:12+00:00","breadcrumb":{"@id":"https:\/\/konnola.fi\/varaa\/#breadcrumb"},"inLanguage":"en-GB","potentialAction":[{"@type":"ReadAction","target":["https:\/\/konnola.fi\/varaa\/"]}]},{"@type":"BreadcrumbList","@id":"https:\/\/konnola.fi\/varaa\/#breadcrumb","itemListElement":[{"@type":"ListItem","position":1,"name":"Etusivu","item":"https:\/\/konnola.fi\/"},{"@type":"ListItem","position":2,"name":"Varaa"}]},{"@type":"WebSite","@id":"https:\/\/konnola.fi\/#website","url":"https:\/\/konnola.fi\/","name":"K\u00f6nn\u00f6l\u00e4n Matkailutila","description":"Vuokram\u00f6kit &amp; juhla- ja kokoustila H\u00e4meenlinna","publisher":{"@id":"https:\/\/konnola.fi\/#organization"},"potentialAction":[{"@type":"SearchAction","target":{"@type":"EntryPoint","urlTemplate":"https:\/\/konnola.fi\/?s={search_term_string}"},"query-input":{"@type":"PropertyValueSpecification","valueRequired":true,"valueName":"search_term_string"}}],"inLanguage":"en-GB"},{"@type":"Organization","@id":"https:\/\/konnola.fi\/#organization","name":"K\u00f6nn\u00f6l\u00e4n Matkailutila","url":"https:\/\/konnola.fi\/","logo":{"@type":"ImageObject","inLanguage":"en-GB","@id":"https:\/\/konnola.fi\/#\/schema\/logo\/image\/","url":"https:\/\/konnola.fi\/wordpress\/wp-content\/uploads\/2025\/07\/KONNOLAN-MATKAILUTILA-logo.png","contentUrl":"https:\/\/konnola.fi\/wordpress\/wp-content\/uploads\/2025\/07\/KONNOLAN-MATKAILUTILA-logo.png","width":500,"height":500,"caption":"K\u00f6nn\u00f6l\u00e4n Matkailutila"},"image":{"@id":"https:\/\/konnola.fi\/#\/schema\/logo\/image\/"},"sameAs":["https:\/\/www.facebook.com\/konnolanmatkailutila\/","https:\/\/www.instagram.com\/konnolanmatkailutila"]}]}},"_links":{"self":[{"href":"https:\/\/konnola.fi\/en\/wp-json\/wp\/v2\/pages\/7528","targetHints":{"allow":["GET"]}}],"collection":[{"href":"https:\/\/konnola.fi\/en\/wp-json\/wp\/v2\/pages"}],"about":[{"href":"https:\/\/konnola.fi\/en\/wp-json\/wp\/v2\/types\/page"}],"author":[{"embeddable":true,"href":"https:\/\/konnola.fi\/en\/wp-json\/wp\/v2\/users\/1"}],"replies":[{"embeddable":true,"href":"https:\/\/konnola.fi\/en\/wp-json\/wp\/v2\/comments?post=7528"}],"version-history":[{"count":10,"href":"https:\/\/konnola.fi\/en\/wp-json\/wp\/v2\/pages\/7528\/revisions"}],"predecessor-version":[{"id":7560,"href":"https:\/\/konnola.fi\/en\/wp-json\/wp\/v2\/pages\/7528\/revisions\/7560"}],"wp:attachment":[{"href":"https:\/\/konnola.fi\/en\/wp-json\/wp\/v2\/media?parent=7528"}],"curies":[{"name":"wp","href":"https:\/\/api.w.org\/{rel}","templated":true}]}}