{"id":7398,"date":"2026-03-23T12:25:26","date_gmt":"2026-03-23T10:25:26","guid":{"rendered":"https:\/\/konnola.fi\/?page_id=7398"},"modified":"2026-04-12T15:49:41","modified_gmt":"2026-04-12T12:49:41","slug":"aitienpaiva-lounas","status":"publish","type":"page","link":"https:\/\/konnola.fi\/en\/aitienpaiva-lounas\/","title":{"rendered":"\u00c4itienp\u00e4iv\u00e4n lounas H\u00e4meenlinna"},"content":{"rendered":"<div data-elementor-type=\"wp-page\" data-elementor-id=\"7398\" class=\"elementor elementor-7398\">\n\t\t\t\t<div class=\"elementor-element elementor-element-8ad0cec e-con-full e-flex e-con e-parent\" data-id=\"8ad0cec\" data-element_type=\"container\" data-e-type=\"container\" data-settings=\"{&quot;background_background&quot;:&quot;classic&quot;}\">\n\t\t\t\t<div class=\"elementor-element elementor-element-3d92cc4 elementor-widget elementor-widget-heading\" data-id=\"3d92cc4\" data-element_type=\"widget\" data-e-type=\"widget\" data-widget_type=\"heading.default\">\n\t\t\t\t<div class=\"elementor-widget-container\">\n\t\t\t\t\t<h1 class=\"elementor-heading-title elementor-size-default\">Mothers Day Lunch<\/h1>\t\t\t\t<\/div>\n\t\t\t\t<\/div>\n\t\t\t\t<\/div>\n\t\t<div class=\"elementor-element elementor-element-658d3dd e-flex e-con-boxed e-con e-parent\" data-id=\"658d3dd\" data-element_type=\"container\" data-e-type=\"container\">\n\t\t\t\t\t<div class=\"e-con-inner\">\n\t\t\t\t<div class=\"elementor-element elementor-element-8426a25 elementor-widget elementor-widget-heading\" data-id=\"8426a25\" data-element_type=\"widget\" data-e-type=\"widget\" data-widget_type=\"heading.default\">\n\t\t\t\t<div class=\"elementor-widget-container\">\n\t\t\t\t\t<h2 class=\"elementor-heading-title elementor-size-default\">Mothers Day May 10th 2026<br>Servings at 12 pm &amp; 2.30 pm<\/h2>\t\t\t\t<\/div>\n\t\t\t\t<\/div>\n\t\t\t\t<div class=\"elementor-element elementor-element-cbdcdc9 elementor-widget elementor-widget-text-editor\" data-id=\"cbdcdc9\" data-element_type=\"widget\" data-e-type=\"widget\" data-widget_type=\"text-editor.default\">\n\t\t\t\t<div class=\"elementor-widget-container\">\n\t\t\t\t\t\t\t\t\t<div class=\"x14z9mp xat24cr x1lziwak x1vvkbs xtlvy1s\"><p class=\"translation-block\">Mother's Day is a wonderful spring celebration, when all mothers are remembered. Welcome to spend Mother's Day in the countryside, in the atmospheric <a href=\"https:\/\/konnola.fi\/en\/juhlatila\/\" target=\"_self\">Juhlanavetta<\/a> of K\u00f6nn\u00f6l\u00e4n Matkailutila in Iittala (H\u00e4meenlinna). A festive lunch will be served in the shelter of the old brick barn on Mother's Day 10.5. in two settings: at 12.00 and 14.30.<\/p><p class=\"translation-block\">A generous buffet made from the best ingredients is available, featuring both familiar classics and newer delicacies. <br>The event is organized in collaboration with K\u00f6nn\u00f6l\u00e4n Matkailutila and <a href=\"https:\/\/www.nylanderinpitopavelvu.fi\" target=\"_self\">Nylanderin Pitopalvelu.  <\/a><\/p><\/div><div class=\"x14z9mp xat24cr x1lziwak x1vvkbs xtlvy1s\"><p>The space is barrier-free, equipped with a disabled toilet, and highchairs are available for the youngest members of the family.<\/p><p class=\"translation-block\">If you want to celebrate on a longer schedule, spend Mother's Day weekend in one of our rental cottages.<\/p><\/div>\t\t\t\t\t\t\t\t<\/div>\n\t\t\t\t<\/div>\n\t\t\t\t\t<\/div>\n\t\t\t\t<\/div>\n\t\t<div class=\"elementor-element elementor-element-0d995da e-flex e-con-boxed e-con e-parent\" data-id=\"0d995da\" data-element_type=\"container\" data-e-type=\"container\" data-settings=\"{&quot;background_background&quot;:&quot;classic&quot;}\">\n\t\t\t\t\t<div class=\"e-con-inner\">\n\t\t<div class=\"elementor-element elementor-element-202c513 e-con-full e-flex e-con e-child\" data-id=\"202c513\" data-element_type=\"container\" data-e-type=\"container\">\n\t\t\t\t<div class=\"elementor-element elementor-element-848b2e5 elementor-widget elementor-widget-image\" data-id=\"848b2e5\" data-element_type=\"widget\" data-e-type=\"widget\" data-widget_type=\"image.default\">\n\t\t\t\t<div class=\"elementor-widget-container\">\n\t\t\t\t\t\t\t\t\t\t\t\t\t\t\t<img fetchpriority=\"high\" decoding=\"async\" width=\"640\" height=\"640\" src=\"https:\/\/konnola.fi\/wordpress\/wp-content\/uploads\/2026\/03\/lohi-tuorejuustokakku-1200x1200.jpg\" class=\"attachment-large size-large wp-image-7401\" alt=\"\u00c4itienp\u00e4iv\u00e4 lounas H\u00e4meenlinna\" srcset=\"https:\/\/konnola.fi\/wordpress\/wp-content\/uploads\/2026\/03\/lohi-tuorejuustokakku-1200x1200.jpg 1200w, https:\/\/konnola.fi\/wordpress\/wp-content\/uploads\/2026\/03\/lohi-tuorejuustokakku-744x744.jpg 744w, https:\/\/konnola.fi\/wordpress\/wp-content\/uploads\/2026\/03\/lohi-tuorejuustokakku-420x420.jpg 420w, https:\/\/konnola.fi\/wordpress\/wp-content\/uploads\/2026\/03\/lohi-tuorejuustokakku-768x768.jpg 768w, https:\/\/konnola.fi\/wordpress\/wp-content\/uploads\/2026\/03\/lohi-tuorejuustokakku-12x12.jpg 12w, https:\/\/konnola.fi\/wordpress\/wp-content\/uploads\/2026\/03\/lohi-tuorejuustokakku.jpg 1500w\" sizes=\"(max-width: 640px) 100vw, 640px\" \/>\t\t\t\t\t\t\t\t\t\t\t\t\t\t\t<\/div>\n\t\t\t\t<\/div>\n\t\t\t\t<div class=\"elementor-element elementor-element-8108077 elementor-widget elementor-widget-image\" data-id=\"8108077\" data-element_type=\"widget\" data-e-type=\"widget\" data-widget_type=\"image.default\">\n\t\t\t\t<div class=\"elementor-widget-container\">\n\t\t\t\t\t\t\t\t\t\t\t\t\t\t\t<img decoding=\"async\" width=\"640\" height=\"640\" src=\"https:\/\/konnola.fi\/wordpress\/wp-content\/uploads\/2026\/03\/Suklaa.marjakakku.jpg\" class=\"attachment-large size-large wp-image-7402\" alt=\"\u00c4itienp\u00e4iv\u00e4 lounas H\u00e4meenlinna\" srcset=\"https:\/\/konnola.fi\/wordpress\/wp-content\/uploads\/2026\/03\/Suklaa.marjakakku.jpg 806w, https:\/\/konnola.fi\/wordpress\/wp-content\/uploads\/2026\/03\/Suklaa.marjakakku-744x744.jpg 744w, https:\/\/konnola.fi\/wordpress\/wp-content\/uploads\/2026\/03\/Suklaa.marjakakku-420x420.jpg 420w, https:\/\/konnola.fi\/wordpress\/wp-content\/uploads\/2026\/03\/Suklaa.marjakakku-768x768.jpg 768w, https:\/\/konnola.fi\/wordpress\/wp-content\/uploads\/2026\/03\/Suklaa.marjakakku-12x12.jpg 12w\" sizes=\"(max-width: 640px) 100vw, 640px\" \/>\t\t\t\t\t\t\t\t\t\t\t\t\t\t\t<\/div>\n\t\t\t\t<\/div>\n\t\t\t\t<\/div>\n\t\t<div class=\"elementor-element elementor-element-4bc47e8 e-con-full e-flex e-con e-child\" data-id=\"4bc47e8\" data-element_type=\"container\" data-e-type=\"container\">\n\t\t\t\t<div class=\"elementor-element elementor-element-acca4e6 elementor-widget elementor-widget-heading\" data-id=\"acca4e6\" data-element_type=\"widget\" data-e-type=\"widget\" data-widget_type=\"heading.default\">\n\t\t\t\t<div class=\"elementor-widget-container\">\n\t\t\t\t\t<h2 class=\"elementor-heading-title elementor-size-default\">Menu<\/h2>\t\t\t\t<\/div>\n\t\t\t\t<\/div>\n\t\t\t\t<div class=\"elementor-element elementor-element-115e532 elementor-widget elementor-widget-text-editor\" data-id=\"115e532\" data-element_type=\"widget\" data-e-type=\"widget\" data-widget_type=\"text-editor.default\">\n\t\t\t\t<div class=\"elementor-widget-container\">\n\t\t\t\t\t\t\t\t\t<p class=\"translation-block\">Country Green Salad (L,G,M,VE) &amp; Dressing (L,G)<br>Pesto-Cherry Tomato-Red Onion Salad (L,G,M)<br>Beetroot-Goat Cheese Salad &amp; Walnuts (VL)<br>Broiler Caesar Salad (L)<br>Cold Smoked Salmon Fresh Cheesecake with a Touch of Lime (L)<br>Smoked Salmon (L,G,M) &amp; Lemon Cream  Sauce (L,G)<\/p><p class=\"translation-block\">Traditional meatballs (L,G,M) &amp; Tzaziki (L,G)<br>Roast beef (L, G) &amp; Creamy pepper sauce (L, G)<br>Seasonal baked vegetables (L,G,M,VE)<br>Roasted potatoes (L, G)<\/p><p class=\"translation-block\">Baguette and herb cream cheese spread (L)<br>Homemade beer (L,M,VE), milk, water and juice<\/p><p class=\"translation-block\">Chocolate berry filled cake (L)<br> \"Tiikerikakku\" cake (L)<br>Assorted cookies (L)<br>Ice creams for the children (L)<\/p><p>Coffee, tea and juice<\/p><p class=\"translation-block\">46 \u20ac\/ Adult<br> Children 4-12 years old 20 \u20ac<br>Under 4 year-s old for free<\/p>\t\t\t\t\t\t\t\t<\/div>\n\t\t\t\t<\/div>\n\t\t\t\t<\/div>\n\t\t\t\t\t<\/div>\n\t\t\t\t<\/div>\n\t\t<div class=\"elementor-element elementor-element-e1e7bd4 e-flex e-con-boxed e-con e-parent\" data-id=\"e1e7bd4\" data-element_type=\"container\" data-e-type=\"container\">\n\t\t\t\t\t<div class=\"e-con-inner\">\n\t\t<div class=\"elementor-element elementor-element-5f496ba e-con-full e-flex e-con e-child\" data-id=\"5f496ba\" data-element_type=\"container\" data-e-type=\"container\">\n\t\t\t\t<div class=\"elementor-element elementor-element-adaa669 elementor-widget elementor-widget-heading\" data-id=\"adaa669\" data-element_type=\"widget\" data-e-type=\"widget\" data-widget_type=\"heading.default\">\n\t\t\t\t<div class=\"elementor-widget-container\">\n\t\t\t\t\t<h2 class=\"elementor-heading-title elementor-size-default\">Reservations &amp; info<\/h2>\t\t\t\t<\/div>\n\t\t\t\t<\/div>\n\t\t\t\t<div class=\"elementor-element elementor-element-7279969 elementor-widget elementor-widget-text-editor\" data-id=\"7279969\" data-element_type=\"widget\" data-e-type=\"widget\" data-widget_type=\"text-editor.default\">\n\t\t\t\t<div class=\"elementor-widget-container\">\n\t\t\t\t\t\t\t\t\t<p>We will accommodate special diets that are pre-ordered at least a week before the event. Please advise us of any special diets and allergies your group may have when making your reservation.<\/p><p>The venue has liquor licenses. You can reserve a bottle of sparkling wine for your table when making a table reservation. Price 29\u20ac\/0.75 L. Non-alcoholic sparkling wine 25 \u20ac\/0.75 L.<\/p><p class=\"translation-block\">Table reservations in advance:<br>konnola@konnola.fi or 0400 684769<\/p><p>See you in May!<\/p><p>#\u00e4itienp\u00e4iv\u00e4 #h\u00e4meenlinna #k\u00f6nn\u00f6l\u00e4nmatkailutila #nylanderinpitopalvelu<\/p>\t\t\t\t\t\t\t\t<\/div>\n\t\t\t\t<\/div>\n\t\t\t\t<\/div>\n\t\t<div class=\"elementor-element elementor-element-a234973 e-con-full e-flex e-con e-child\" data-id=\"a234973\" data-element_type=\"container\" data-e-type=\"container\">\n\t\t\t\t<div class=\"elementor-element elementor-element-b8751ef elementor-widget elementor-widget-image\" data-id=\"b8751ef\" data-element_type=\"widget\" data-e-type=\"widget\" data-widget_type=\"image.default\">\n\t\t\t\t<div class=\"elementor-widget-container\">\n\t\t\t\t\t\t\t\t\t\t\t\t\t\t\t<img decoding=\"async\" width=\"640\" height=\"480\" src=\"https:\/\/konnola.fi\/wordpress\/wp-content\/uploads\/2025\/03\/juhlanavetta5-1-e1774105475268-1200x900.jpg\" class=\"attachment-large size-large wp-image-4905\" alt=\"Juhlatila H\u00e4meenlinna. K\u00f6nn\u00f6l\u00e4n juhlatila toimii vanhassa navetassa. Meill\u00e4 j\u00e4rjest\u00e4t\u00e4 h\u00e4\u00e4t, muistotilaisuudet, ylioppilasjuhlat, rippijuhlat, valmistujaiset, syntym\u00e4p\u00e4iv\u00e4t ja muut perhejuhlat.\" srcset=\"https:\/\/konnola.fi\/wordpress\/wp-content\/uploads\/2025\/03\/juhlanavetta5-1-e1774105475268-1200x900.jpg 1200w, https:\/\/konnola.fi\/wordpress\/wp-content\/uploads\/2025\/03\/juhlanavetta5-1-e1774105475268-744x558.jpg 744w, https:\/\/konnola.fi\/wordpress\/wp-content\/uploads\/2025\/03\/juhlanavetta5-1-e1774105475268-420x315.jpg 420w, https:\/\/konnola.fi\/wordpress\/wp-content\/uploads\/2025\/03\/juhlanavetta5-1-e1774105475268-768x576.jpg 768w, https:\/\/konnola.fi\/wordpress\/wp-content\/uploads\/2025\/03\/juhlanavetta5-1-e1774105475268-1536x1152.jpg 1536w, https:\/\/konnola.fi\/wordpress\/wp-content\/uploads\/2025\/03\/juhlanavetta5-1-e1774105475268-16x12.jpg 16w, https:\/\/konnola.fi\/wordpress\/wp-content\/uploads\/2025\/03\/juhlanavetta5-1-e1774105475268.jpg 1890w\" sizes=\"(max-width: 640px) 100vw, 640px\" \/>\t\t\t\t\t\t\t\t\t\t\t\t\t\t\t<\/div>\n\t\t\t\t<\/div>\n\t\t\t\t<\/div>\n\t\t\t\t\t<\/div>\n\t\t\t\t<\/div>\n\t\t<div class=\"elementor-element elementor-element-d769ebb e-flex e-con-boxed e-con e-parent\" data-id=\"d769ebb\" data-element_type=\"container\" data-e-type=\"container\">\n\t\t\t\t\t<div class=\"e-con-inner\">\n\t\t\t\t<div class=\"elementor-element elementor-element-418a6c6 elementor-widget elementor-widget-heading\" data-id=\"418a6c6\" data-element_type=\"widget\" data-e-type=\"widget\" data-widget_type=\"heading.default\">\n\t\t\t\t<div class=\"elementor-widget-container\">\n\t\t\t\t\t<h2 class=\"elementor-heading-title elementor-size-default translation-block\">Welcome to spend a nice Mothers Day in the countryside!<\/h2>\t\t\t\t<\/div>\n\t\t\t\t<\/div>\n\t\t\t\t\t<\/div>\n\t\t\t\t<\/div>\n\t\t\t\t<\/div>","protected":false},"excerpt":{"rendered":"<p>\u00c4itienp\u00e4iv\u00e4n lounas \u00c4itienp\u00e4iv\u00e4 10.5.2026Lounas klo 12.00 &amp; 14.30 \u00c4itienp\u00e4iv\u00e4 on ihana kev\u00e4inen juhla, jolloin muistetaan kaikkia \u00e4itej\u00e4. Tervetuloa viett\u00e4m\u00e4\u00e4n \u00e4itienp\u00e4v\u00e4 maaseudulle, K\u00f6nn\u00f6l\u00e4n Matkailutilan tunnelmalliseen Juhlanavettaan Iittalaan (H\u00e4meenlinna). Juhlalounas on tarjolla vanhan tiilinavetan suojissa \u00e4itienp\u00e4iv\u00e4n\u00e4 10.5. kahdessa kattauksessa: klo 12.00 ja 14.30.\u00a0 Tarjolla on parhaista raaka-aineista valmistettu runsas noutop\u00f6yt\u00e4, jossa maistuvat niin tutut klassikot kuin uudemmatkin<\/p>","protected":false},"author":1,"featured_media":7400,"parent":0,"menu_order":0,"comment_status":"closed","ping_status":"closed","template":"elementor_header_footer","meta":{"solace_meta_sidebar":"","solace_meta_container":"","solace_meta_enable_content_width":"","solace_meta_content_width":0,"solace_meta_title_alignment":"","solace_meta_author_avatar":"","solace_post_elements_order":"","solace_meta_disable_header":"","solace_meta_disable_footer":"","solace_meta_disable_title":"","footnotes":""},"class_list":["post-7398","page","type-page","status-publish","has-post-thumbnail","hentry"],"yoast_head":"<!-- This site is optimized with the Yoast SEO plugin v27.2 - https:\/\/yoast.com\/product\/yoast-seo-wordpress\/ -->\n<title>\u00c4itienp\u00e4iv\u00e4n lounas H\u00e4meenlinna - K\u00f6nn\u00f6l\u00e4n Matkailutila<\/title>\n<meta name=\"description\" content=\"Tervetuloa nauttimaan \u00e4itienp\u00e4iv\u00e4n lounas K\u00f6nn\u00f6l\u00e4n Matkailutilalle Iittalaan (H\u00e4meenlinna). Yhteisty\u00f6ss\u00e4 Nylanderin Pitopalvelu.\" \/>\n<meta name=\"robots\" content=\"index, follow, max-snippet:-1, max-image-preview:large, max-video-preview:-1\" \/>\n<link rel=\"canonical\" href=\"https:\/\/konnola.fi\/en\/aitienpaiva-lounas\/\" \/>\n<meta property=\"og:locale\" content=\"en_GB\" \/>\n<meta property=\"og:type\" content=\"article\" \/>\n<meta property=\"og:title\" content=\"\u00c4itienp\u00e4iv\u00e4n lounas K\u00f6nn\u00f6l\u00e4n Juhlanavetassa\" \/>\n<meta property=\"og:description\" content=\"Tervetuloa nauttimaan \u00e4itienp\u00e4iv\u00e4n lounas K\u00f6nn\u00f6l\u00e4n Matkailutilalle Iittalaan (H\u00e4meenlinna). Yhteisty\u00f6ss\u00e4 Nylanderin Pitopalvelu.\" \/>\n<meta property=\"og:url\" content=\"https:\/\/konnola.fi\/en\/aitienpaiva-lounas\/\" \/>\n<meta property=\"og:site_name\" content=\"K\u00f6nn\u00f6l\u00e4n Matkailutila\" \/>\n<meta property=\"article:publisher\" content=\"https:\/\/www.facebook.com\/konnolanmatkailutila\/\" \/>\n<meta property=\"article:modified_time\" content=\"2026-04-12T12:49:41+00:00\" \/>\n<meta property=\"og:image\" content=\"https:\/\/konnola.fi\/wordpress\/wp-content\/uploads\/2026\/03\/lohi-tuorejuustokakku.jpg\" \/>\n\t<meta property=\"og:image:width\" content=\"1500\" \/>\n\t<meta property=\"og:image:height\" content=\"1500\" \/>\n\t<meta property=\"og:image:type\" content=\"image\/jpeg\" \/>\n<meta name=\"twitter:card\" content=\"summary_large_image\" \/>\n<meta name=\"twitter:label1\" content=\"Estimated reading time\" \/>\n\t<meta name=\"twitter:data1\" content=\"2 minutes\" \/>\n<script type=\"application\/ld+json\" class=\"yoast-schema-graph\">{\"@context\":\"https:\/\/schema.org\",\"@graph\":[{\"@type\":\"WebPage\",\"@id\":\"https:\/\/konnola.fi\/aitienpaiva-lounas\/\",\"url\":\"https:\/\/konnola.fi\/aitienpaiva-lounas\/\",\"name\":\"\u00c4itienp\u00e4iv\u00e4n lounas H\u00e4meenlinna - K\u00f6nn\u00f6l\u00e4n Matkailutila\",\"isPartOf\":{\"@id\":\"https:\/\/konnola.fi\/#website\"},\"primaryImageOfPage\":{\"@id\":\"https:\/\/konnola.fi\/aitienpaiva-lounas\/#primaryimage\"},\"image\":{\"@id\":\"https:\/\/konnola.fi\/aitienpaiva-lounas\/#primaryimage\"},\"thumbnailUrl\":\"https:\/\/konnola.fi\/wordpress\/wp-content\/uploads\/2026\/03\/Aitienpaiva-Hameenlinna.jpg\",\"datePublished\":\"2026-03-23T10:25:26+00:00\",\"dateModified\":\"2026-04-12T12:49:41+00:00\",\"description\":\"Tervetuloa nauttimaan \u00e4itienp\u00e4iv\u00e4n lounas K\u00f6nn\u00f6l\u00e4n Matkailutilalle Iittalaan (H\u00e4meenlinna). Yhteisty\u00f6ss\u00e4 Nylanderin Pitopalvelu.\",\"breadcrumb\":{\"@id\":\"https:\/\/konnola.fi\/aitienpaiva-lounas\/#breadcrumb\"},\"inLanguage\":\"en-GB\",\"potentialAction\":[{\"@type\":\"ReadAction\",\"target\":[\"https:\/\/konnola.fi\/aitienpaiva-lounas\/\"]}]},{\"@type\":\"ImageObject\",\"inLanguage\":\"en-GB\",\"@id\":\"https:\/\/konnola.fi\/aitienpaiva-lounas\/#primaryimage\",\"url\":\"https:\/\/konnola.fi\/wordpress\/wp-content\/uploads\/2026\/03\/Aitienpaiva-Hameenlinna.jpg\",\"contentUrl\":\"https:\/\/konnola.fi\/wordpress\/wp-content\/uploads\/2026\/03\/Aitienpaiva-Hameenlinna.jpg\",\"width\":2048,\"height\":1152,\"caption\":\"\u00c4itienp\u00e4iv\u00e4 lounas H\u00e4meenlinna\"},{\"@type\":\"BreadcrumbList\",\"@id\":\"https:\/\/konnola.fi\/aitienpaiva-lounas\/#breadcrumb\",\"itemListElement\":[{\"@type\":\"ListItem\",\"position\":1,\"name\":\"Etusivu\",\"item\":\"https:\/\/konnola.fi\/\"},{\"@type\":\"ListItem\",\"position\":2,\"name\":\"\u00c4itienp\u00e4iv\u00e4n lounas H\u00e4meenlinna\"}]},{\"@type\":\"WebSite\",\"@id\":\"https:\/\/konnola.fi\/#website\",\"url\":\"https:\/\/konnola.fi\/\",\"name\":\"K\u00f6nn\u00f6l\u00e4n Matkailutila\",\"description\":\"Vuokram\u00f6kit &amp; juhla- ja kokoustilat H\u00e4meenlinnassa\",\"publisher\":{\"@id\":\"https:\/\/konnola.fi\/#organization\"},\"potentialAction\":[{\"@type\":\"SearchAction\",\"target\":{\"@type\":\"EntryPoint\",\"urlTemplate\":\"https:\/\/konnola.fi\/?s={search_term_string}\"},\"query-input\":{\"@type\":\"PropertyValueSpecification\",\"valueRequired\":true,\"valueName\":\"search_term_string\"}}],\"inLanguage\":\"en-GB\"},{\"@type\":\"Organization\",\"@id\":\"https:\/\/konnola.fi\/#organization\",\"name\":\"K\u00f6nn\u00f6l\u00e4n Matkailutila\",\"url\":\"https:\/\/konnola.fi\/\",\"logo\":{\"@type\":\"ImageObject\",\"inLanguage\":\"en-GB\",\"@id\":\"https:\/\/konnola.fi\/#\/schema\/logo\/image\/\",\"url\":\"https:\/\/konnola.fi\/wordpress\/wp-content\/uploads\/2025\/07\/KONNOLAN-MATKAILUTILA-logo.png\",\"contentUrl\":\"https:\/\/konnola.fi\/wordpress\/wp-content\/uploads\/2025\/07\/KONNOLAN-MATKAILUTILA-logo.png\",\"width\":500,\"height\":500,\"caption\":\"K\u00f6nn\u00f6l\u00e4n Matkailutila\"},\"image\":{\"@id\":\"https:\/\/konnola.fi\/#\/schema\/logo\/image\/\"},\"sameAs\":[\"https:\/\/www.facebook.com\/konnolanmatkailutila\/\",\"https:\/\/www.instagram.com\/konnolanmatkailutila\"]}]}<\/script>\n<!-- \/ Yoast SEO plugin. -->","yoast_head_json":{"title":"\u00c4itienp\u00e4iv\u00e4n lounas H\u00e4meenlinna - K\u00f6nn\u00f6l\u00e4n Matkailutila","description":"Tervetuloa nauttimaan \u00e4itienp\u00e4iv\u00e4n lounas K\u00f6nn\u00f6l\u00e4n Matkailutilalle Iittalaan (H\u00e4meenlinna). Yhteisty\u00f6ss\u00e4 Nylanderin Pitopalvelu.","robots":{"index":"index","follow":"follow","max-snippet":"max-snippet:-1","max-image-preview":"max-image-preview:large","max-video-preview":"max-video-preview:-1"},"canonical":"https:\/\/konnola.fi\/en\/aitienpaiva-lounas\/","og_locale":"en_GB","og_type":"article","og_title":"\u00c4itienp\u00e4iv\u00e4n lounas K\u00f6nn\u00f6l\u00e4n Juhlanavetassa","og_description":"Tervetuloa nauttimaan \u00e4itienp\u00e4iv\u00e4n lounas K\u00f6nn\u00f6l\u00e4n Matkailutilalle Iittalaan (H\u00e4meenlinna). Yhteisty\u00f6ss\u00e4 Nylanderin Pitopalvelu.","og_url":"https:\/\/konnola.fi\/en\/aitienpaiva-lounas\/","og_site_name":"K\u00f6nn\u00f6l\u00e4n Matkailutila","article_publisher":"https:\/\/www.facebook.com\/konnolanmatkailutila\/","article_modified_time":"2026-04-12T12:49:41+00:00","og_image":[{"width":1500,"height":1500,"url":"https:\/\/konnola.fi\/wordpress\/wp-content\/uploads\/2026\/03\/lohi-tuorejuustokakku.jpg","type":"image\/jpeg"}],"twitter_card":"summary_large_image","twitter_misc":{"Estimated reading time":"2 minutes"},"schema":{"@context":"https:\/\/schema.org","@graph":[{"@type":"WebPage","@id":"https:\/\/konnola.fi\/aitienpaiva-lounas\/","url":"https:\/\/konnola.fi\/aitienpaiva-lounas\/","name":"\u00c4itienp\u00e4iv\u00e4n lounas H\u00e4meenlinna - K\u00f6nn\u00f6l\u00e4n Matkailutila","isPartOf":{"@id":"https:\/\/konnola.fi\/#website"},"primaryImageOfPage":{"@id":"https:\/\/konnola.fi\/aitienpaiva-lounas\/#primaryimage"},"image":{"@id":"https:\/\/konnola.fi\/aitienpaiva-lounas\/#primaryimage"},"thumbnailUrl":"https:\/\/konnola.fi\/wordpress\/wp-content\/uploads\/2026\/03\/Aitienpaiva-Hameenlinna.jpg","datePublished":"2026-03-23T10:25:26+00:00","dateModified":"2026-04-12T12:49:41+00:00","description":"Tervetuloa nauttimaan \u00e4itienp\u00e4iv\u00e4n lounas K\u00f6nn\u00f6l\u00e4n Matkailutilalle Iittalaan (H\u00e4meenlinna). Yhteisty\u00f6ss\u00e4 Nylanderin Pitopalvelu.","breadcrumb":{"@id":"https:\/\/konnola.fi\/aitienpaiva-lounas\/#breadcrumb"},"inLanguage":"en-GB","potentialAction":[{"@type":"ReadAction","target":["https:\/\/konnola.fi\/aitienpaiva-lounas\/"]}]},{"@type":"ImageObject","inLanguage":"en-GB","@id":"https:\/\/konnola.fi\/aitienpaiva-lounas\/#primaryimage","url":"https:\/\/konnola.fi\/wordpress\/wp-content\/uploads\/2026\/03\/Aitienpaiva-Hameenlinna.jpg","contentUrl":"https:\/\/konnola.fi\/wordpress\/wp-content\/uploads\/2026\/03\/Aitienpaiva-Hameenlinna.jpg","width":2048,"height":1152,"caption":"\u00c4itienp\u00e4iv\u00e4 lounas H\u00e4meenlinna"},{"@type":"BreadcrumbList","@id":"https:\/\/konnola.fi\/aitienpaiva-lounas\/#breadcrumb","itemListElement":[{"@type":"ListItem","position":1,"name":"Etusivu","item":"https:\/\/konnola.fi\/"},{"@type":"ListItem","position":2,"name":"\u00c4itienp\u00e4iv\u00e4n lounas H\u00e4meenlinna"}]},{"@type":"WebSite","@id":"https:\/\/konnola.fi\/#website","url":"https:\/\/konnola.fi\/","name":"K\u00f6nn\u00f6l\u00e4n Matkailutila","description":"Vuokram\u00f6kit &amp; juhla- ja kokoustilat H\u00e4meenlinnassa","publisher":{"@id":"https:\/\/konnola.fi\/#organization"},"potentialAction":[{"@type":"SearchAction","target":{"@type":"EntryPoint","urlTemplate":"https:\/\/konnola.fi\/?s={search_term_string}"},"query-input":{"@type":"PropertyValueSpecification","valueRequired":true,"valueName":"search_term_string"}}],"inLanguage":"en-GB"},{"@type":"Organization","@id":"https:\/\/konnola.fi\/#organization","name":"K\u00f6nn\u00f6l\u00e4n Matkailutila","url":"https:\/\/konnola.fi\/","logo":{"@type":"ImageObject","inLanguage":"en-GB","@id":"https:\/\/konnola.fi\/#\/schema\/logo\/image\/","url":"https:\/\/konnola.fi\/wordpress\/wp-content\/uploads\/2025\/07\/KONNOLAN-MATKAILUTILA-logo.png","contentUrl":"https:\/\/konnola.fi\/wordpress\/wp-content\/uploads\/2025\/07\/KONNOLAN-MATKAILUTILA-logo.png","width":500,"height":500,"caption":"K\u00f6nn\u00f6l\u00e4n Matkailutila"},"image":{"@id":"https:\/\/konnola.fi\/#\/schema\/logo\/image\/"},"sameAs":["https:\/\/www.facebook.com\/konnolanmatkailutila\/","https:\/\/www.instagram.com\/konnolanmatkailutila"]}]}},"_links":{"self":[{"href":"https:\/\/konnola.fi\/en\/wp-json\/wp\/v2\/pages\/7398","targetHints":{"allow":["GET"]}}],"collection":[{"href":"https:\/\/konnola.fi\/en\/wp-json\/wp\/v2\/pages"}],"about":[{"href":"https:\/\/konnola.fi\/en\/wp-json\/wp\/v2\/types\/page"}],"author":[{"embeddable":true,"href":"https:\/\/konnola.fi\/en\/wp-json\/wp\/v2\/users\/1"}],"replies":[{"embeddable":true,"href":"https:\/\/konnola.fi\/en\/wp-json\/wp\/v2\/comments?post=7398"}],"version-history":[{"count":83,"href":"https:\/\/konnola.fi\/en\/wp-json\/wp\/v2\/pages\/7398\/revisions"}],"predecessor-version":[{"id":7634,"href":"https:\/\/konnola.fi\/en\/wp-json\/wp\/v2\/pages\/7398\/revisions\/7634"}],"wp:featuredmedia":[{"embeddable":true,"href":"https:\/\/konnola.fi\/en\/wp-json\/wp\/v2\/media\/7400"}],"wp:attachment":[{"href":"https:\/\/konnola.fi\/en\/wp-json\/wp\/v2\/media?parent=7398"}],"curies":[{"name":"wp","href":"https:\/\/api.w.org\/{rel}","templated":true}]}}