{"id":6417,"date":"2025-10-06T13:02:16","date_gmt":"2025-10-06T10:02:16","guid":{"rendered":"https:\/\/konnola.fi\/?page_id=6417"},"modified":"2025-10-06T13:31:28","modified_gmt":"2025-10-06T10:31:28","slug":"joulukonsertti","status":"publish","type":"page","link":"https:\/\/konnola.fi\/en\/joulukonsertti\/","title":{"rendered":"Joulukonsertti 14.12."},"content":{"rendered":"<div data-elementor-type=\"wp-page\" data-elementor-id=\"6417\" class=\"elementor elementor-6417\">\n\t\t\t\t<div class=\"elementor-element elementor-element-8516933 e-flex e-con-boxed e-con e-parent\" data-id=\"8516933\" data-element_type=\"container\" data-e-type=\"container\" data-settings=\"{&quot;background_background&quot;:&quot;classic&quot;}\">\n\t\t\t\t\t<div class=\"e-con-inner\">\n\t\t\t\t\t<\/div>\n\t\t\t\t<\/div>\n\t\t<div class=\"elementor-element elementor-element-8bc2936 e-flex e-con-boxed e-con e-parent\" data-id=\"8bc2936\" data-element_type=\"container\" data-e-type=\"container\">\n\t\t\t\t\t<div class=\"e-con-inner\">\n\t\t\t\t<div class=\"elementor-element elementor-element-692d546 elementor-widget elementor-widget-spacer\" data-id=\"692d546\" data-element_type=\"widget\" data-e-type=\"widget\" data-widget_type=\"spacer.default\">\n\t\t\t\t<div class=\"elementor-widget-container\">\n\t\t\t\t\t\t\t<div class=\"elementor-spacer\">\n\t\t\t<div class=\"elementor-spacer-inner\"><\/div>\n\t\t<\/div>\n\t\t\t\t\t\t<\/div>\n\t\t\t\t<\/div>\n\t\t\t\t<div class=\"elementor-element elementor-element-514ea9e elementor-widget elementor-widget-heading\" data-id=\"514ea9e\" data-element_type=\"widget\" data-e-type=\"widget\" data-widget_type=\"heading.default\">\n\t\t\t\t<div class=\"elementor-widget-container\">\n\t\t\t\t\t<h2 class=\"elementor-heading-title elementor-size-default\">Joulukonsertti H\u00e4meenlinnassa:\nSeppo Hovi &amp; Hannu Lehtonen (show &amp; dinner) su 14.12.<\/h2>\t\t\t\t<\/div>\n\t\t\t\t<\/div>\n\t\t\t\t<div class=\"elementor-element elementor-element-6456207 elementor-widget elementor-widget-spacer\" data-id=\"6456207\" data-element_type=\"widget\" data-e-type=\"widget\" data-widget_type=\"spacer.default\">\n\t\t\t\t<div class=\"elementor-widget-container\">\n\t\t\t\t\t\t\t<div class=\"elementor-spacer\">\n\t\t\t<div class=\"elementor-spacer-inner\"><\/div>\n\t\t<\/div>\n\t\t\t\t\t\t<\/div>\n\t\t\t\t<\/div>\n\t\t\t\t<div class=\"elementor-element elementor-element-624438d elementor-widget elementor-widget-text-editor\" data-id=\"624438d\" data-element_type=\"widget\" data-e-type=\"widget\" data-widget_type=\"text-editor.default\">\n\t\t\t\t<div class=\"elementor-widget-container\">\n\t\t\t\t\t\t\t\t\t<figure class=\"wp-block-gallery has-nested-images columns-default is-cropped\"><p style=\"text-align: center;\">Perinteinen joulukonsertti H\u00e4meenlinnassa, K\u00f6nn\u00f6l\u00e4n Matkailutilalla <a href=\"https:\/\/www.hannulehtonen.info\/\"><strong>Hannu Lehtosen <\/strong><\/a>(laulu), <strong>Seppo Hovin <\/strong>(piano ja tarinat) ja hyv\u00e4n ruuan merkeiss\u00e4. Voit valita kahdesta vaihtoehdosta: Osallistu konserttiin ja jouluruokailuun TAI vain konserttiin v\u00e4liaikakahveineen.<\/p><\/figure><p style=\"text-align: center;\">Tervetuloa nauttimaan jouluisesta tunnelmasta ja perinteikk\u00e4\u00e4sst\u00e4 joulumusiikista K\u00f6nn\u00f6l\u00e4n Matkailutilalle H\u00e4meenlinnan Iittalaan. Joulukonsertti buffetruokailuineen on my\u00f6s mukava vaihtoehto yhteis\u00f6si pikkujouluohjelmaksi. Jos haluat viipy\u00e4 pidemp\u00e4\u00e4n, voit majoittua tunnelmallisissa <a href=\"https:\/\/konnola.fi\/en\/lomamokit\/\">lomam\u00f6keiss\u00e4mme.<\/a><\/p><p style=\"text-align: center;\"><!-- \/wp:paragraph --><!-- wp:paragraph {\"align\":\"center\"} --><\/p><p class=\"has-text-align-center\" style=\"text-align: center;\">Maittavassa joulupitop\u00f6yd\u00e4ss\u00e4 tarjolla perinteisi\u00e4 jouluherkkuja salaatteineen, laatikkoineen ja kinkkuineen.<\/p>\t\t\t\t\t\t\t\t<\/div>\n\t\t\t\t<\/div>\n\t\t\t\t<div class=\"elementor-element elementor-element-1592e5a elementor-widget elementor-widget-text-editor\" data-id=\"1592e5a\" data-element_type=\"widget\" data-e-type=\"widget\" data-widget_type=\"text-editor.default\">\n\t\t\t\t<div class=\"elementor-widget-container\">\n\t\t\t\t\t\t\t\t\t<figure class=\"wp-block-gallery has-nested-images columns-default is-cropped\"><\/figure><p style=\"text-align: center;\"><!-- \/wp:paragraph --><!-- wp:paragraph {\"align\":\"center\"} --><\/p><h5 class=\"has-text-align-center\" style=\"text-align: center;\"><strong>Konserttimenu<\/strong><\/h5><p style=\"text-align: center;\"><!-- \/wp:paragraph --><!-- wp:paragraph {\"align\":\"center\"} --><\/p><p class=\"has-text-align-center\" style=\"text-align: center;\">Keitetyt perunat (M, G)<br \/>Jouluinen vihersalaatti &amp; kastike (M, G)<br \/>Savusiika-ohrasalaatti &amp; piparjuuri-tillikastike (L)<br \/>Perinteinen maatalon rosolli (L, G)<br \/>Mets\u00e4sienisalaatti syksyn sadosta (L, G)<\/p><p style=\"text-align: center;\">Puolukka-rosmariinimuikut (M, G)<br \/>Mustaherukkasilli (M, G)<\/p><p style=\"text-align: center;\"><!-- \/wp:paragraph --><!-- wp:paragraph {\"align\":\"center\"} --><\/p><p class=\"has-text-align-center\" style=\"text-align: center;\">Imelletty perunalaatikko (L)<br \/>Lanttulaatikko (L, G)<br \/>Joulukinkkua (M, G)<br \/>Sinappia (M, G)<\/p><p style=\"text-align: center;\"><!-- \/wp:paragraph --><!-- wp:paragraph {\"align\":\"center\"} --><\/p><p class=\"has-text-align-center\" style=\"text-align: center;\">Maatilan leip\u00e4\u00e4 &amp; voi (L)<br \/>Vesi<\/p><p style=\"text-align: center;\"><!-- \/wp:paragraph --><!-- wp:paragraph {\"align\":\"center\"} --><\/p><p class=\"has-text-align-center\" style=\"text-align: center;\">Jouluinen t\u00e4ytekakku (L)<br \/>Kahvi, tee<\/p><p style=\"text-align: center;\">Tilaisuudessa on anniskeluoikeudet.<\/p><p style=\"text-align: center;\"><!-- \/wp:paragraph --><!-- wp:paragraph {\"align\":\"center\"} --><\/p><p class=\"has-text-align-center\" style=\"text-align: center;\">Huomioimme erityisruokavaliot (ennakkoon ilmoitetut\/tilatut)<\/p><p style=\"text-align: center;\"><!-- \/wp:paragraph --><!-- wp:paragraph {\"align\":\"center\"} --><\/p><h5>\u00a0<\/h5><h5 class=\"has-text-align-center\" style=\"text-align: center;\"><strong>Aikataulu:<\/strong><\/h5><p style=\"text-align: center;\">Klo 13.30 Jouluruokailu<br \/>Noin klo 15 Konsertti alkaa<br \/>J\u00e4lkiruokakahvit v\u00e4liajalla<br \/>Klo 17.30 menness\u00e4 Konsertti p\u00e4\u00e4ttyy<\/p><p style=\"text-align: center;\"><!-- \/wp:paragraph --><!-- wp:paragraph {\"align\":\"center\"} --><\/p><h5 class=\"has-text-align-center\" style=\"text-align: center;\"><strong><br \/>Liput:<br \/><\/strong><\/h5><p style=\"text-align: center;\">Jouluruokailu, v\u00e4liaikakahvit ja konsertti 59 euroa<br \/>TAI<br \/>V\u00e4liaikakahvit ja konsertti 39 euroa<\/p><h5 class=\"has-text-align-center\" style=\"text-align: center;\">\u00a0<\/h5><p style=\"text-align: center;\"><!-- \/wp:paragraph --><!-- wp:paragraph {\"align\":\"center\"} --><\/p><h5 style=\"text-align: center;\"><strong>Varaukset ennakkoon: <\/strong><\/h5><p style=\"text-align: center;\">konnola@konnola.fi tai 0400 684 769<br \/>Ilmoitathan mahdolliset erikoisruokavaliot varausta tehdess\u00e4si<\/p><p style=\"text-align: center;\"><!-- \/wp:paragraph --><!-- wp:spacer {\"height\":\"25px\"} --><\/p><p style=\"text-align: center;\"><!-- \/wp:spacer --><!-- wp:paragraph {\"align\":\"center\"} --><\/p><p class=\"has-text-align-center\" style=\"text-align: center;\">L\u00e4mpim\u00e4sti tervetuloa nauttimaan joulun tunnelmasta K\u00f6nn\u00f6l\u00e4\u00e4n!<\/p><p class=\"has-text-align-center\" style=\"text-align: center;\">#joulukonsertti #pikkujoulu #joululounas #joulukonserttih\u00e4meenlinnassa<\/p>\t\t\t\t\t\t\t\t<\/div>\n\t\t\t\t<\/div>\n\t\t\t\t\t<\/div>\n\t\t\t\t<\/div>\n\t\t<div class=\"elementor-element elementor-element-83c6563 e-grid e-con-boxed e-con e-parent\" data-id=\"83c6563\" data-element_type=\"container\" data-e-type=\"container\">\n\t\t\t\t\t<div class=\"e-con-inner\">\n\t\t\t\t<div class=\"elementor-element elementor-element-cd7784a elementor-widget elementor-widget-image\" data-id=\"cd7784a\" data-element_type=\"widget\" data-e-type=\"widget\" data-widget_type=\"image.default\">\n\t\t\t\t<div class=\"elementor-widget-container\">\n\t\t\t\t\t\t\t\t\t\t\t\t\t\t\t<img fetchpriority=\"high\" decoding=\"async\" width=\"640\" height=\"640\" src=\"https:\/\/konnola.fi\/wordpress\/wp-content\/uploads\/2025\/08\/9286e046-6ebe-44b0-ad9d-05bd9f509b5b-1.jpg\" class=\"attachment-large size-large wp-image-5854\" alt=\"Joulukonsertti H\u00e4meenlinnassa show &amp; dinner tyyliin. Joululounas on katettuna Juhlanavettaan joulukonsertin aluksi\" srcset=\"https:\/\/konnola.fi\/wordpress\/wp-content\/uploads\/2025\/08\/9286e046-6ebe-44b0-ad9d-05bd9f509b5b-1.jpg 1194w, https:\/\/konnola.fi\/wordpress\/wp-content\/uploads\/2025\/08\/9286e046-6ebe-44b0-ad9d-05bd9f509b5b-1-744x744.jpg 744w, https:\/\/konnola.fi\/wordpress\/wp-content\/uploads\/2025\/08\/9286e046-6ebe-44b0-ad9d-05bd9f509b5b-1-420x420.jpg 420w, https:\/\/konnola.fi\/wordpress\/wp-content\/uploads\/2025\/08\/9286e046-6ebe-44b0-ad9d-05bd9f509b5b-1-768x768.jpg 768w\" sizes=\"(max-width: 640px) 100vw, 640px\" \/>\t\t\t\t\t\t\t\t\t\t\t\t\t\t\t<\/div>\n\t\t\t\t<\/div>\n\t\t\t\t<div class=\"elementor-element elementor-element-f3b11b7 elementor-widget elementor-widget-image\" data-id=\"f3b11b7\" data-element_type=\"widget\" data-e-type=\"widget\" data-widget_type=\"image.default\">\n\t\t\t\t<div class=\"elementor-widget-container\">\n\t\t\t\t\t\t\t\t\t\t\t\t\t\t\t<img decoding=\"async\" width=\"640\" height=\"640\" src=\"https:\/\/konnola.fi\/wordpress\/wp-content\/uploads\/2025\/09\/Jouluinen.png\" class=\"attachment-large size-large wp-image-5997\" alt=\"Joulukonsertti H\u00e4meenlinnassa t\u00e4htin\u00e4 Seppo Hovi ja Hannu Lehtonen.\" srcset=\"https:\/\/konnola.fi\/wordpress\/wp-content\/uploads\/2025\/09\/Jouluinen.png 1080w, https:\/\/konnola.fi\/wordpress\/wp-content\/uploads\/2025\/09\/Jouluinen-744x744.png 744w, https:\/\/konnola.fi\/wordpress\/wp-content\/uploads\/2025\/09\/Jouluinen-420x420.png 420w, https:\/\/konnola.fi\/wordpress\/wp-content\/uploads\/2025\/09\/Jouluinen-768x768.png 768w\" sizes=\"(max-width: 640px) 100vw, 640px\" \/>\t\t\t\t\t\t\t\t\t\t\t\t\t\t\t<\/div>\n\t\t\t\t<\/div>\n\t\t\t\t\t<\/div>\n\t\t\t\t<\/div>\n\t\t\t\t<\/div>","protected":false},"excerpt":{"rendered":"<p>Joulukonsertti H\u00e4meenlinnassa: Seppo Hovi &amp; Hannu Lehtonen (show &amp; dinner) su 14.12. Perinteinen joulukonsertti H\u00e4meenlinnassa, K\u00f6nn\u00f6l\u00e4n Matkailutilalla Hannu Lehtosen (laulu), Seppo Hovin (piano ja tarinat) ja hyv\u00e4n ruuan merkeiss\u00e4. Voit valita kahdesta vaihtoehdosta: Osallistu konserttiin ja jouluruokailuun TAI vain konserttiin v\u00e4liaikakahveineen. Tervetuloa nauttimaan jouluisesta tunnelmasta ja perinteikk\u00e4\u00e4sst\u00e4 joulumusiikista K\u00f6nn\u00f6l\u00e4n Matkailutilalle H\u00e4meenlinnan Iittalaan. Joulukonsertti buffetruokailuineen on<\/p>","protected":false},"author":1,"featured_media":5866,"parent":0,"menu_order":0,"comment_status":"closed","ping_status":"closed","template":"elementor_header_footer","meta":{"solace_meta_sidebar":"","solace_meta_container":"","solace_meta_enable_content_width":"","solace_meta_content_width":0,"solace_meta_title_alignment":"","solace_meta_author_avatar":"","solace_post_elements_order":"","solace_meta_disable_header":"","solace_meta_disable_footer":"","solace_meta_disable_title":"","footnotes":""},"class_list":["post-6417","page","type-page","status-publish","has-post-thumbnail","hentry"],"yoast_head":"<!-- This site is optimized with the Yoast SEO plugin v27.2 - https:\/\/yoast.com\/product\/yoast-seo-wordpress\/ -->\n<title>Joulukonsertti 14.12. - K\u00f6nn\u00f6l\u00e4n Matkailutila<\/title>\n<meta name=\"description\" content=\"Joulukonsertti H\u00e4meenlinnassa t\u00e4htin\u00e4 Seppo Hovi ja Hannu Lehtonen. Konsertti j\u00e4rjestet\u00e4\u00e4n Juhlanavetassa sunnuntaina 14.12. klo 13,30.\" \/>\n<meta name=\"robots\" content=\"index, follow, max-snippet:-1, max-image-preview:large, max-video-preview:-1\" \/>\n<link rel=\"canonical\" href=\"https:\/\/konnola.fi\/en\/joulukonsertti\/\" \/>\n<meta property=\"og:locale\" content=\"en_GB\" \/>\n<meta property=\"og:type\" content=\"article\" \/>\n<meta property=\"og:title\" content=\"Joulukonsertti 14.12. - K\u00f6nn\u00f6l\u00e4n Matkailutila\" \/>\n<meta property=\"og:description\" content=\"Joulukonsertti H\u00e4meenlinnassa t\u00e4htin\u00e4 Seppo Hovi ja Hannu Lehtonen. Konsertti j\u00e4rjestet\u00e4\u00e4n Juhlanavetassa sunnuntaina 14.12. klo 13,30.\" \/>\n<meta property=\"og:url\" content=\"https:\/\/konnola.fi\/en\/joulukonsertti\/\" \/>\n<meta property=\"og:site_name\" content=\"K\u00f6nn\u00f6l\u00e4n Matkailutila\" \/>\n<meta property=\"article:publisher\" content=\"https:\/\/www.facebook.com\/konnolanmatkailutila\/\" \/>\n<meta property=\"article:modified_time\" content=\"2025-10-06T10:31:28+00:00\" \/>\n<meta property=\"og:image\" content=\"https:\/\/konnola.fi\/wordpress\/wp-content\/uploads\/2025\/08\/9286e046-6ebe-44b0-ad9d-05bd9f509b5b-1.jpg\" \/>\n\t<meta property=\"og:image:width\" content=\"1194\" \/>\n\t<meta property=\"og:image:height\" content=\"1194\" \/>\n\t<meta property=\"og:image:type\" content=\"image\/jpeg\" \/>\n<meta name=\"twitter:card\" content=\"summary_large_image\" \/>\n<meta name=\"twitter:label1\" content=\"Estimated reading time\" \/>\n\t<meta name=\"twitter:data1\" content=\"2 minutes\" \/>\n<script type=\"application\/ld+json\" class=\"yoast-schema-graph\">{\"@context\":\"https:\/\/schema.org\",\"@graph\":[{\"@type\":\"WebPage\",\"@id\":\"https:\/\/konnola.fi\/joulukonsertti\/\",\"url\":\"https:\/\/konnola.fi\/joulukonsertti\/\",\"name\":\"Joulukonsertti 14.12. - K\u00f6nn\u00f6l\u00e4n Matkailutila\",\"isPartOf\":{\"@id\":\"https:\/\/konnola.fi\/#website\"},\"primaryImageOfPage\":{\"@id\":\"https:\/\/konnola.fi\/joulukonsertti\/#primaryimage\"},\"image\":{\"@id\":\"https:\/\/konnola.fi\/joulukonsertti\/#primaryimage\"},\"thumbnailUrl\":\"https:\/\/konnola.fi\/wordpress\/wp-content\/uploads\/2025\/08\/joulupoyta.jpg\",\"datePublished\":\"2025-10-06T10:02:16+00:00\",\"dateModified\":\"2025-10-06T10:31:28+00:00\",\"description\":\"Joulukonsertti H\u00e4meenlinnassa t\u00e4htin\u00e4 Seppo Hovi ja Hannu Lehtonen. Konsertti j\u00e4rjestet\u00e4\u00e4n Juhlanavetassa sunnuntaina 14.12. klo 13,30.\",\"breadcrumb\":{\"@id\":\"https:\/\/konnola.fi\/joulukonsertti\/#breadcrumb\"},\"inLanguage\":\"en-GB\",\"potentialAction\":[{\"@type\":\"ReadAction\",\"target\":[\"https:\/\/konnola.fi\/joulukonsertti\/\"]}]},{\"@type\":\"ImageObject\",\"inLanguage\":\"en-GB\",\"@id\":\"https:\/\/konnola.fi\/joulukonsertti\/#primaryimage\",\"url\":\"https:\/\/konnola.fi\/wordpress\/wp-content\/uploads\/2025\/08\/joulupoyta.jpg\",\"contentUrl\":\"https:\/\/konnola.fi\/wordpress\/wp-content\/uploads\/2025\/08\/joulupoyta.jpg\",\"width\":2000,\"height\":1125},{\"@type\":\"BreadcrumbList\",\"@id\":\"https:\/\/konnola.fi\/joulukonsertti\/#breadcrumb\",\"itemListElement\":[{\"@type\":\"ListItem\",\"position\":1,\"name\":\"Etusivu\",\"item\":\"https:\/\/konnola.fi\/\"},{\"@type\":\"ListItem\",\"position\":2,\"name\":\"Joulukonsertti 14.12.\"}]},{\"@type\":\"WebSite\",\"@id\":\"https:\/\/konnola.fi\/#website\",\"url\":\"https:\/\/konnola.fi\/\",\"name\":\"K\u00f6nn\u00f6l\u00e4n Matkailutila\",\"description\":\"Vuokram\u00f6kit &amp; juhla- ja kokoustila H\u00e4meenlinna\",\"publisher\":{\"@id\":\"https:\/\/konnola.fi\/#organization\"},\"potentialAction\":[{\"@type\":\"SearchAction\",\"target\":{\"@type\":\"EntryPoint\",\"urlTemplate\":\"https:\/\/konnola.fi\/?s={search_term_string}\"},\"query-input\":{\"@type\":\"PropertyValueSpecification\",\"valueRequired\":true,\"valueName\":\"search_term_string\"}}],\"inLanguage\":\"en-GB\"},{\"@type\":\"Organization\",\"@id\":\"https:\/\/konnola.fi\/#organization\",\"name\":\"K\u00f6nn\u00f6l\u00e4n Matkailutila\",\"url\":\"https:\/\/konnola.fi\/\",\"logo\":{\"@type\":\"ImageObject\",\"inLanguage\":\"en-GB\",\"@id\":\"https:\/\/konnola.fi\/#\/schema\/logo\/image\/\",\"url\":\"https:\/\/konnola.fi\/wordpress\/wp-content\/uploads\/2025\/07\/KONNOLAN-MATKAILUTILA-logo.png\",\"contentUrl\":\"https:\/\/konnola.fi\/wordpress\/wp-content\/uploads\/2025\/07\/KONNOLAN-MATKAILUTILA-logo.png\",\"width\":500,\"height\":500,\"caption\":\"K\u00f6nn\u00f6l\u00e4n Matkailutila\"},\"image\":{\"@id\":\"https:\/\/konnola.fi\/#\/schema\/logo\/image\/\"},\"sameAs\":[\"https:\/\/www.facebook.com\/konnolanmatkailutila\/\",\"https:\/\/www.instagram.com\/konnolanmatkailutila\"]}]}<\/script>\n<!-- \/ Yoast SEO plugin. -->","yoast_head_json":{"title":"Joulukonsertti 14.12. - K\u00f6nn\u00f6l\u00e4n Matkailutila","description":"Joulukonsertti H\u00e4meenlinnassa t\u00e4htin\u00e4 Seppo Hovi ja Hannu Lehtonen. Konsertti j\u00e4rjestet\u00e4\u00e4n Juhlanavetassa sunnuntaina 14.12. klo 13,30.","robots":{"index":"index","follow":"follow","max-snippet":"max-snippet:-1","max-image-preview":"max-image-preview:large","max-video-preview":"max-video-preview:-1"},"canonical":"https:\/\/konnola.fi\/en\/joulukonsertti\/","og_locale":"en_GB","og_type":"article","og_title":"Joulukonsertti 14.12. - K\u00f6nn\u00f6l\u00e4n Matkailutila","og_description":"Joulukonsertti H\u00e4meenlinnassa t\u00e4htin\u00e4 Seppo Hovi ja Hannu Lehtonen. Konsertti j\u00e4rjestet\u00e4\u00e4n Juhlanavetassa sunnuntaina 14.12. klo 13,30.","og_url":"https:\/\/konnola.fi\/en\/joulukonsertti\/","og_site_name":"K\u00f6nn\u00f6l\u00e4n Matkailutila","article_publisher":"https:\/\/www.facebook.com\/konnolanmatkailutila\/","article_modified_time":"2025-10-06T10:31:28+00:00","og_image":[{"width":1194,"height":1194,"url":"https:\/\/konnola.fi\/wordpress\/wp-content\/uploads\/2025\/08\/9286e046-6ebe-44b0-ad9d-05bd9f509b5b-1.jpg","type":"image\/jpeg"}],"twitter_card":"summary_large_image","twitter_misc":{"Estimated reading time":"2 minutes"},"schema":{"@context":"https:\/\/schema.org","@graph":[{"@type":"WebPage","@id":"https:\/\/konnola.fi\/joulukonsertti\/","url":"https:\/\/konnola.fi\/joulukonsertti\/","name":"Joulukonsertti 14.12. - K\u00f6nn\u00f6l\u00e4n Matkailutila","isPartOf":{"@id":"https:\/\/konnola.fi\/#website"},"primaryImageOfPage":{"@id":"https:\/\/konnola.fi\/joulukonsertti\/#primaryimage"},"image":{"@id":"https:\/\/konnola.fi\/joulukonsertti\/#primaryimage"},"thumbnailUrl":"https:\/\/konnola.fi\/wordpress\/wp-content\/uploads\/2025\/08\/joulupoyta.jpg","datePublished":"2025-10-06T10:02:16+00:00","dateModified":"2025-10-06T10:31:28+00:00","description":"Joulukonsertti H\u00e4meenlinnassa t\u00e4htin\u00e4 Seppo Hovi ja Hannu Lehtonen. Konsertti j\u00e4rjestet\u00e4\u00e4n Juhlanavetassa sunnuntaina 14.12. klo 13,30.","breadcrumb":{"@id":"https:\/\/konnola.fi\/joulukonsertti\/#breadcrumb"},"inLanguage":"en-GB","potentialAction":[{"@type":"ReadAction","target":["https:\/\/konnola.fi\/joulukonsertti\/"]}]},{"@type":"ImageObject","inLanguage":"en-GB","@id":"https:\/\/konnola.fi\/joulukonsertti\/#primaryimage","url":"https:\/\/konnola.fi\/wordpress\/wp-content\/uploads\/2025\/08\/joulupoyta.jpg","contentUrl":"https:\/\/konnola.fi\/wordpress\/wp-content\/uploads\/2025\/08\/joulupoyta.jpg","width":2000,"height":1125},{"@type":"BreadcrumbList","@id":"https:\/\/konnola.fi\/joulukonsertti\/#breadcrumb","itemListElement":[{"@type":"ListItem","position":1,"name":"Etusivu","item":"https:\/\/konnola.fi\/"},{"@type":"ListItem","position":2,"name":"Joulukonsertti 14.12."}]},{"@type":"WebSite","@id":"https:\/\/konnola.fi\/#website","url":"https:\/\/konnola.fi\/","name":"K\u00f6nn\u00f6l\u00e4n Matkailutila","description":"Vuokram\u00f6kit &amp; juhla- ja kokoustila H\u00e4meenlinna","publisher":{"@id":"https:\/\/konnola.fi\/#organization"},"potentialAction":[{"@type":"SearchAction","target":{"@type":"EntryPoint","urlTemplate":"https:\/\/konnola.fi\/?s={search_term_string}"},"query-input":{"@type":"PropertyValueSpecification","valueRequired":true,"valueName":"search_term_string"}}],"inLanguage":"en-GB"},{"@type":"Organization","@id":"https:\/\/konnola.fi\/#organization","name":"K\u00f6nn\u00f6l\u00e4n Matkailutila","url":"https:\/\/konnola.fi\/","logo":{"@type":"ImageObject","inLanguage":"en-GB","@id":"https:\/\/konnola.fi\/#\/schema\/logo\/image\/","url":"https:\/\/konnola.fi\/wordpress\/wp-content\/uploads\/2025\/07\/KONNOLAN-MATKAILUTILA-logo.png","contentUrl":"https:\/\/konnola.fi\/wordpress\/wp-content\/uploads\/2025\/07\/KONNOLAN-MATKAILUTILA-logo.png","width":500,"height":500,"caption":"K\u00f6nn\u00f6l\u00e4n Matkailutila"},"image":{"@id":"https:\/\/konnola.fi\/#\/schema\/logo\/image\/"},"sameAs":["https:\/\/www.facebook.com\/konnolanmatkailutila\/","https:\/\/www.instagram.com\/konnolanmatkailutila"]}]}},"_links":{"self":[{"href":"https:\/\/konnola.fi\/en\/wp-json\/wp\/v2\/pages\/6417","targetHints":{"allow":["GET"]}}],"collection":[{"href":"https:\/\/konnola.fi\/en\/wp-json\/wp\/v2\/pages"}],"about":[{"href":"https:\/\/konnola.fi\/en\/wp-json\/wp\/v2\/types\/page"}],"author":[{"embeddable":true,"href":"https:\/\/konnola.fi\/en\/wp-json\/wp\/v2\/users\/1"}],"replies":[{"embeddable":true,"href":"https:\/\/konnola.fi\/en\/wp-json\/wp\/v2\/comments?post=6417"}],"version-history":[{"count":22,"href":"https:\/\/konnola.fi\/en\/wp-json\/wp\/v2\/pages\/6417\/revisions"}],"predecessor-version":[{"id":6442,"href":"https:\/\/konnola.fi\/en\/wp-json\/wp\/v2\/pages\/6417\/revisions\/6442"}],"wp:featuredmedia":[{"embeddable":true,"href":"https:\/\/konnola.fi\/en\/wp-json\/wp\/v2\/media\/5866"}],"wp:attachment":[{"href":"https:\/\/konnola.fi\/en\/wp-json\/wp\/v2\/media?parent=6417"}],"curies":[{"name":"wp","href":"https:\/\/api.w.org\/{rel}","templated":true}]}}