{"id":6316,"date":"2025-10-06T10:51:41","date_gmt":"2025-10-06T07:51:41","guid":{"rendered":"https:\/\/konnola.fi\/?page_id=6316"},"modified":"2026-03-24T15:18:51","modified_gmt":"2026-03-24T13:18:51","slug":"tapahtumat-2","status":"publish","type":"page","link":"https:\/\/konnola.fi\/en\/tapahtumat-2\/","title":{"rendered":"Events"},"content":{"rendered":"<div data-elementor-type=\"wp-page\" data-elementor-id=\"6316\" class=\"elementor elementor-6316\">\n\t\t\t\t<div class=\"elementor-element elementor-element-03c76ce e-flex e-con-boxed e-con e-parent\" data-id=\"03c76ce\" data-element_type=\"container\" data-e-type=\"container\" data-settings=\"{&quot;background_background&quot;:&quot;classic&quot;}\">\n\t\t\t\t\t<div class=\"e-con-inner\">\n\t\t\t\t\t<\/div>\n\t\t\t\t<\/div>\n\t\t<div class=\"elementor-element elementor-element-fefedf6 e-flex e-con-boxed e-con e-parent\" data-id=\"fefedf6\" data-element_type=\"container\" data-e-type=\"container\" data-settings=\"{&quot;background_background&quot;:&quot;classic&quot;}\">\n\t\t\t\t\t<div class=\"e-con-inner\">\n\t\t<div class=\"elementor-element elementor-element-12b9746 e-con-full e-flex e-con e-child\" data-id=\"12b9746\" data-element_type=\"container\" data-e-type=\"container\">\n\t\t\t\t<div class=\"elementor-element elementor-element-ab404a1 elementor-widget elementor-widget-image\" data-id=\"ab404a1\" data-element_type=\"widget\" data-e-type=\"widget\" data-widget_type=\"image.default\">\n\t\t\t\t<div class=\"elementor-widget-container\">\n\t\t\t\t\t\t\t\t\t\t\t\t\t\t\t\t<a href=\"https:\/\/konnola.fi\/en\/aitienpaivan-lounas-10-5-2026\/\">\n\t\t\t\t\t\t\t<img fetchpriority=\"high\" decoding=\"async\" width=\"640\" height=\"360\" src=\"https:\/\/konnola.fi\/wordpress\/wp-content\/uploads\/2026\/03\/Aitienpaiva-Hameenlinna-1200x675.jpg\" class=\"attachment-large size-large wp-image-7400\" alt=\"\u00c4itienp\u00e4iv\u00e4 lounas H\u00e4meenlinna\" srcset=\"https:\/\/konnola.fi\/wordpress\/wp-content\/uploads\/2026\/03\/Aitienpaiva-Hameenlinna-1200x675.jpg 1200w, https:\/\/konnola.fi\/wordpress\/wp-content\/uploads\/2026\/03\/Aitienpaiva-Hameenlinna-744x419.jpg 744w, https:\/\/konnola.fi\/wordpress\/wp-content\/uploads\/2026\/03\/Aitienpaiva-Hameenlinna-420x236.jpg 420w, https:\/\/konnola.fi\/wordpress\/wp-content\/uploads\/2026\/03\/Aitienpaiva-Hameenlinna-768x432.jpg 768w, https:\/\/konnola.fi\/wordpress\/wp-content\/uploads\/2026\/03\/Aitienpaiva-Hameenlinna-1536x864.jpg 1536w, https:\/\/konnola.fi\/wordpress\/wp-content\/uploads\/2026\/03\/Aitienpaiva-Hameenlinna-18x10.jpg 18w, https:\/\/konnola.fi\/wordpress\/wp-content\/uploads\/2026\/03\/Aitienpaiva-Hameenlinna.jpg 2048w\" sizes=\"(max-width: 640px) 100vw, 640px\" \/>\t\t\t\t\t\t\t\t<\/a>\n\t\t\t\t\t\t\t\t\t\t\t\t\t\t\t<\/div>\n\t\t\t\t<\/div>\n\t\t\t\t<\/div>\n\t\t<div class=\"elementor-element elementor-element-16852a0 e-con-full e-flex e-con e-child\" data-id=\"16852a0\" data-element_type=\"container\" data-e-type=\"container\">\n\t\t\t\t<div class=\"elementor-element elementor-element-366c14f elementor-widget elementor-widget-heading\" data-id=\"366c14f\" data-element_type=\"widget\" data-e-type=\"widget\" data-widget_type=\"heading.default\">\n\t\t\t\t<div class=\"elementor-widget-container\">\n\t\t\t\t\t<h2 class=\"elementor-heading-title elementor-size-default\">Mothers Day lunch May 10th 2026<\/h2>\t\t\t\t<\/div>\n\t\t\t\t<\/div>\n\t\t\t\t<div class=\"elementor-element elementor-element-c64a958 elementor-widget elementor-widget-button\" data-id=\"c64a958\" data-element_type=\"widget\" data-e-type=\"widget\" data-widget_type=\"button.default\">\n\t\t\t\t<div class=\"elementor-widget-container\">\n\t\t\t\t\t\t\t\t\t<div class=\"elementor-button-wrapper\">\n\t\t\t\t\t<a class=\"elementor-button elementor-button-link elementor-size-sm\" href=\"https:\/\/konnola.fi\/en\/aitienpaiva-lounas\/\">\n\t\t\t\t\t\t<span class=\"elementor-button-content-wrapper\">\n\t\t\t\t\t\t\t\t\t<span class=\"elementor-button-text\">See the menu &amp; information<\/span>\n\t\t\t\t\t<\/span>\n\t\t\t\t\t<\/a>\n\t\t\t\t<\/div>\n\t\t\t\t\t\t\t\t<\/div>\n\t\t\t\t<\/div>\n\t\t\t\t<\/div>\n\t\t\t\t\t<\/div>\n\t\t\t\t<\/div>\n\t\t<div class=\"elementor-element elementor-element-25e9631 e-grid e-con-boxed e-con e-parent\" data-id=\"25e9631\" data-element_type=\"container\" data-e-type=\"container\">\n\t\t\t\t\t<div class=\"e-con-inner\">\n\t\t\t\t\t<\/div>\n\t\t\t\t<\/div>\n\t\t\t\t<\/div>","protected":false},"excerpt":{"rendered":"<p>\u00c4itienp\u00e4iv\u00e4n juhlalounas Sunnuntaina 10.5.2026 katso menu ja lis\u00e4tiedot<\/p>","protected":false},"author":1,"featured_media":0,"parent":0,"menu_order":0,"comment_status":"closed","ping_status":"closed","template":"elementor_header_footer","meta":{"solace_meta_sidebar":"","solace_meta_container":"","solace_meta_enable_content_width":"","solace_meta_content_width":0,"solace_meta_title_alignment":"","solace_meta_author_avatar":"","solace_post_elements_order":"","solace_meta_disable_header":"","solace_meta_disable_footer":"","solace_meta_disable_title":"","footnotes":""},"class_list":["post-6316","page","type-page","status-publish","hentry"],"yoast_head":"<!-- This site is optimized with the Yoast SEO plugin v27.2 - https:\/\/yoast.com\/product\/yoast-seo-wordpress\/ -->\n<title>Tapahtumat - K\u00f6nn\u00f6l\u00e4n Matkailutila<\/title>\n<meta name=\"robots\" content=\"index, follow, max-snippet:-1, max-image-preview:large, max-video-preview:-1\" \/>\n<link rel=\"canonical\" href=\"https:\/\/konnola.fi\/en\/tapahtumat-2\/\" \/>\n<meta property=\"og:locale\" content=\"en_GB\" \/>\n<meta property=\"og:type\" content=\"article\" \/>\n<meta property=\"og:title\" content=\"Tapahtumat - K\u00f6nn\u00f6l\u00e4n Matkailutila\" \/>\n<meta property=\"og:description\" content=\"\u00c4itienp\u00e4iv\u00e4n juhlalounas Sunnuntaina 10.5.2026 katso menu ja lis\u00e4tiedot\" \/>\n<meta property=\"og:url\" content=\"https:\/\/konnola.fi\/en\/tapahtumat-2\/\" \/>\n<meta property=\"og:site_name\" content=\"K\u00f6nn\u00f6l\u00e4n Matkailutila\" \/>\n<meta property=\"article:publisher\" content=\"https:\/\/www.facebook.com\/konnolanmatkailutila\/\" \/>\n<meta property=\"article:modified_time\" content=\"2026-03-24T13:18:51+00:00\" \/>\n<meta property=\"og:image\" content=\"https:\/\/konnola.fi\/wordpress\/wp-content\/uploads\/2026\/03\/Aitienpaiva-Hameenlinna.jpg\" \/>\n\t<meta property=\"og:image:width\" content=\"2048\" \/>\n\t<meta property=\"og:image:height\" content=\"1152\" \/>\n\t<meta property=\"og:image:type\" content=\"image\/jpeg\" \/>\n<meta name=\"twitter:card\" content=\"summary_large_image\" \/>\n<meta name=\"twitter:label1\" content=\"Estimated reading time\" \/>\n\t<meta name=\"twitter:data1\" content=\"1 minute\" \/>\n<script type=\"application\/ld+json\" class=\"yoast-schema-graph\">{\"@context\":\"https:\/\/schema.org\",\"@graph\":[{\"@type\":\"WebPage\",\"@id\":\"https:\/\/konnola.fi\/tapahtumat-2\/\",\"url\":\"https:\/\/konnola.fi\/tapahtumat-2\/\",\"name\":\"Tapahtumat - K\u00f6nn\u00f6l\u00e4n Matkailutila\",\"isPartOf\":{\"@id\":\"https:\/\/konnola.fi\/#website\"},\"primaryImageOfPage\":{\"@id\":\"https:\/\/konnola.fi\/tapahtumat-2\/#primaryimage\"},\"image\":{\"@id\":\"https:\/\/konnola.fi\/tapahtumat-2\/#primaryimage\"},\"thumbnailUrl\":\"https:\/\/konnola.fi\/wordpress\/wp-content\/uploads\/2026\/03\/Aitienpaiva-Hameenlinna-1200x675.jpg\",\"datePublished\":\"2025-10-06T07:51:41+00:00\",\"dateModified\":\"2026-03-24T13:18:51+00:00\",\"breadcrumb\":{\"@id\":\"https:\/\/konnola.fi\/tapahtumat-2\/#breadcrumb\"},\"inLanguage\":\"en-GB\",\"potentialAction\":[{\"@type\":\"ReadAction\",\"target\":[\"https:\/\/konnola.fi\/tapahtumat-2\/\"]}]},{\"@type\":\"ImageObject\",\"inLanguage\":\"en-GB\",\"@id\":\"https:\/\/konnola.fi\/tapahtumat-2\/#primaryimage\",\"url\":\"https:\/\/konnola.fi\/wordpress\/wp-content\/uploads\/2026\/03\/Aitienpaiva-Hameenlinna-1200x675.jpg\",\"contentUrl\":\"https:\/\/konnola.fi\/wordpress\/wp-content\/uploads\/2026\/03\/Aitienpaiva-Hameenlinna-1200x675.jpg\"},{\"@type\":\"BreadcrumbList\",\"@id\":\"https:\/\/konnola.fi\/tapahtumat-2\/#breadcrumb\",\"itemListElement\":[{\"@type\":\"ListItem\",\"position\":1,\"name\":\"Etusivu\",\"item\":\"https:\/\/konnola.fi\/\"},{\"@type\":\"ListItem\",\"position\":2,\"name\":\"Tapahtumat\"}]},{\"@type\":\"WebSite\",\"@id\":\"https:\/\/konnola.fi\/#website\",\"url\":\"https:\/\/konnola.fi\/\",\"name\":\"K\u00f6nn\u00f6l\u00e4n Matkailutila\",\"description\":\"Vuokram\u00f6kit &amp; juhla- ja kokoustilat H\u00e4meenlinnassa\",\"publisher\":{\"@id\":\"https:\/\/konnola.fi\/#organization\"},\"potentialAction\":[{\"@type\":\"SearchAction\",\"target\":{\"@type\":\"EntryPoint\",\"urlTemplate\":\"https:\/\/konnola.fi\/?s={search_term_string}\"},\"query-input\":{\"@type\":\"PropertyValueSpecification\",\"valueRequired\":true,\"valueName\":\"search_term_string\"}}],\"inLanguage\":\"en-GB\"},{\"@type\":\"Organization\",\"@id\":\"https:\/\/konnola.fi\/#organization\",\"name\":\"K\u00f6nn\u00f6l\u00e4n Matkailutila\",\"url\":\"https:\/\/konnola.fi\/\",\"logo\":{\"@type\":\"ImageObject\",\"inLanguage\":\"en-GB\",\"@id\":\"https:\/\/konnola.fi\/#\/schema\/logo\/image\/\",\"url\":\"https:\/\/konnola.fi\/wordpress\/wp-content\/uploads\/2025\/07\/KONNOLAN-MATKAILUTILA-logo.png\",\"contentUrl\":\"https:\/\/konnola.fi\/wordpress\/wp-content\/uploads\/2025\/07\/KONNOLAN-MATKAILUTILA-logo.png\",\"width\":500,\"height\":500,\"caption\":\"K\u00f6nn\u00f6l\u00e4n Matkailutila\"},\"image\":{\"@id\":\"https:\/\/konnola.fi\/#\/schema\/logo\/image\/\"},\"sameAs\":[\"https:\/\/www.facebook.com\/konnolanmatkailutila\/\",\"https:\/\/www.instagram.com\/konnolanmatkailutila\"]}]}<\/script>\n<!-- \/ Yoast SEO plugin. -->","yoast_head_json":{"title":"Tapahtumat - K\u00f6nn\u00f6l\u00e4n Matkailutila","robots":{"index":"index","follow":"follow","max-snippet":"max-snippet:-1","max-image-preview":"max-image-preview:large","max-video-preview":"max-video-preview:-1"},"canonical":"https:\/\/konnola.fi\/en\/tapahtumat-2\/","og_locale":"en_GB","og_type":"article","og_title":"Tapahtumat - K\u00f6nn\u00f6l\u00e4n Matkailutila","og_description":"\u00c4itienp\u00e4iv\u00e4n juhlalounas Sunnuntaina 10.5.2026 katso menu ja lis\u00e4tiedot","og_url":"https:\/\/konnola.fi\/en\/tapahtumat-2\/","og_site_name":"K\u00f6nn\u00f6l\u00e4n Matkailutila","article_publisher":"https:\/\/www.facebook.com\/konnolanmatkailutila\/","article_modified_time":"2026-03-24T13:18:51+00:00","og_image":[{"width":2048,"height":1152,"url":"https:\/\/konnola.fi\/wordpress\/wp-content\/uploads\/2026\/03\/Aitienpaiva-Hameenlinna.jpg","type":"image\/jpeg"}],"twitter_card":"summary_large_image","twitter_misc":{"Estimated reading time":"1 minute"},"schema":{"@context":"https:\/\/schema.org","@graph":[{"@type":"WebPage","@id":"https:\/\/konnola.fi\/tapahtumat-2\/","url":"https:\/\/konnola.fi\/tapahtumat-2\/","name":"Tapahtumat - K\u00f6nn\u00f6l\u00e4n Matkailutila","isPartOf":{"@id":"https:\/\/konnola.fi\/#website"},"primaryImageOfPage":{"@id":"https:\/\/konnola.fi\/tapahtumat-2\/#primaryimage"},"image":{"@id":"https:\/\/konnola.fi\/tapahtumat-2\/#primaryimage"},"thumbnailUrl":"https:\/\/konnola.fi\/wordpress\/wp-content\/uploads\/2026\/03\/Aitienpaiva-Hameenlinna-1200x675.jpg","datePublished":"2025-10-06T07:51:41+00:00","dateModified":"2026-03-24T13:18:51+00:00","breadcrumb":{"@id":"https:\/\/konnola.fi\/tapahtumat-2\/#breadcrumb"},"inLanguage":"en-GB","potentialAction":[{"@type":"ReadAction","target":["https:\/\/konnola.fi\/tapahtumat-2\/"]}]},{"@type":"ImageObject","inLanguage":"en-GB","@id":"https:\/\/konnola.fi\/tapahtumat-2\/#primaryimage","url":"https:\/\/konnola.fi\/wordpress\/wp-content\/uploads\/2026\/03\/Aitienpaiva-Hameenlinna-1200x675.jpg","contentUrl":"https:\/\/konnola.fi\/wordpress\/wp-content\/uploads\/2026\/03\/Aitienpaiva-Hameenlinna-1200x675.jpg"},{"@type":"BreadcrumbList","@id":"https:\/\/konnola.fi\/tapahtumat-2\/#breadcrumb","itemListElement":[{"@type":"ListItem","position":1,"name":"Etusivu","item":"https:\/\/konnola.fi\/"},{"@type":"ListItem","position":2,"name":"Tapahtumat"}]},{"@type":"WebSite","@id":"https:\/\/konnola.fi\/#website","url":"https:\/\/konnola.fi\/","name":"K\u00f6nn\u00f6l\u00e4n Matkailutila","description":"Vuokram\u00f6kit &amp; juhla- ja kokoustilat H\u00e4meenlinnassa","publisher":{"@id":"https:\/\/konnola.fi\/#organization"},"potentialAction":[{"@type":"SearchAction","target":{"@type":"EntryPoint","urlTemplate":"https:\/\/konnola.fi\/?s={search_term_string}"},"query-input":{"@type":"PropertyValueSpecification","valueRequired":true,"valueName":"search_term_string"}}],"inLanguage":"en-GB"},{"@type":"Organization","@id":"https:\/\/konnola.fi\/#organization","name":"K\u00f6nn\u00f6l\u00e4n Matkailutila","url":"https:\/\/konnola.fi\/","logo":{"@type":"ImageObject","inLanguage":"en-GB","@id":"https:\/\/konnola.fi\/#\/schema\/logo\/image\/","url":"https:\/\/konnola.fi\/wordpress\/wp-content\/uploads\/2025\/07\/KONNOLAN-MATKAILUTILA-logo.png","contentUrl":"https:\/\/konnola.fi\/wordpress\/wp-content\/uploads\/2025\/07\/KONNOLAN-MATKAILUTILA-logo.png","width":500,"height":500,"caption":"K\u00f6nn\u00f6l\u00e4n Matkailutila"},"image":{"@id":"https:\/\/konnola.fi\/#\/schema\/logo\/image\/"},"sameAs":["https:\/\/www.facebook.com\/konnolanmatkailutila\/","https:\/\/www.instagram.com\/konnolanmatkailutila"]}]}},"_links":{"self":[{"href":"https:\/\/konnola.fi\/en\/wp-json\/wp\/v2\/pages\/6316","targetHints":{"allow":["GET"]}}],"collection":[{"href":"https:\/\/konnola.fi\/en\/wp-json\/wp\/v2\/pages"}],"about":[{"href":"https:\/\/konnola.fi\/en\/wp-json\/wp\/v2\/types\/page"}],"author":[{"embeddable":true,"href":"https:\/\/konnola.fi\/en\/wp-json\/wp\/v2\/users\/1"}],"replies":[{"embeddable":true,"href":"https:\/\/konnola.fi\/en\/wp-json\/wp\/v2\/comments?post=6316"}],"version-history":[{"count":41,"href":"https:\/\/konnola.fi\/en\/wp-json\/wp\/v2\/pages\/6316\/revisions"}],"predecessor-version":[{"id":7522,"href":"https:\/\/konnola.fi\/en\/wp-json\/wp\/v2\/pages\/6316\/revisions\/7522"}],"wp:attachment":[{"href":"https:\/\/konnola.fi\/en\/wp-json\/wp\/v2\/media?parent=6316"}],"curies":[{"name":"wp","href":"https:\/\/api.w.org\/{rel}","templated":true}]}}