{"id":4917,"date":"2025-03-25T13:10:02","date_gmt":"2025-03-25T11:10:02","guid":{"rendered":"https:\/\/konnola.fi\/?page_id=4917"},"modified":"2026-01-16T15:02:17","modified_gmt":"2026-01-16T13:02:17","slug":"savusauna","status":"publish","type":"page","link":"https:\/\/konnola.fi\/en\/savusauna\/","title":{"rendered":"Smoke sauna"},"content":{"rendered":"<div data-elementor-type=\"wp-page\" data-elementor-id=\"4917\" class=\"elementor elementor-4917\">\n\t\t\t\t<div class=\"elementor-element elementor-element-705e274 e-con-full e-flex e-con e-parent\" data-id=\"705e274\" data-element_type=\"container\" data-e-type=\"container\" data-settings=\"{&quot;background_background&quot;:&quot;classic&quot;}\">\n\t\t\t\t<\/div>\n\t\t<div class=\"elementor-element elementor-element-8a2475b e-flex e-con-boxed e-con e-parent\" data-id=\"8a2475b\" data-element_type=\"container\" data-e-type=\"container\">\n\t\t\t\t\t<div class=\"e-con-inner\">\n\t\t\t\t<div class=\"elementor-element elementor-element-e1d1078 elementor-widget elementor-widget-heading\" data-id=\"e1d1078\" data-element_type=\"widget\" data-e-type=\"widget\" data-widget_type=\"heading.default\">\n\t\t\t\t<div class=\"elementor-widget-container\">\n\t\t\t\t\t<h1 class=\"elementor-heading-title elementor-size-default\">Experience the traditional smoke sauna<\/h1>\t\t\t\t<\/div>\n\t\t\t\t<\/div>\n\t\t\t\t\t<\/div>\n\t\t\t\t<\/div>\n\t\t<div class=\"elementor-element elementor-element-0e23015 e-con-full e-flex e-con e-parent\" data-id=\"0e23015\" data-element_type=\"container\" data-e-type=\"container\" data-settings=\"{&quot;background_background&quot;:&quot;classic&quot;}\">\n\t\t\t\t<div class=\"elementor-element elementor-element-b503be7 elementor-widget__width-initial elementor-widget elementor-widget-text-editor\" data-id=\"b503be7\" data-element_type=\"widget\" data-e-type=\"widget\" data-widget_type=\"text-editor.default\">\n\t\t\t\t<div class=\"elementor-widget-container\">\n\t\t\t\t\t\t\t\t\t<p>An old-fashioned smoke sauna has been built on the K\u00f6nn\u00f6l\u00e4 farm in H\u00e4meenlinna, on the shore of lake Ruokalampi. Its benches can accommodate 12 people at a time. You can take a dip in the refreshing water of lake both in summer and winter! If the lake water feels too cool, the 40-degree hot tub is a good alternative.\u00a0<\/p><p><span style=\"letter-spacing: -0.6px; color: var(--sol-color-base-font);\">The spacious barbecue hut nest to the smoke sauna can accommodate 15 people. You can grill by the open fire in the hut or just sit in the warmth of the flames. You can also order catering from us for your sauna evening.<\/span><\/p><p>Book a smoke sauna and hut for company events, stag parties, friends' evenings or even for your foreign guests. We also rent a portable bath trolley, which you can book for the sauna as an additional fee.<\/p><p class=\"translation-block\">If you want to stay overnight after your sauna session you can stay in one of our cottages.<\/p>\t\t\t\t\t\t\t\t<\/div>\n\t\t\t\t<\/div>\n\t\t\t\t<\/div>\n\t\t<div class=\"elementor-element elementor-element-2415519 e-flex e-con-boxed e-con e-parent\" data-id=\"2415519\" data-element_type=\"container\" data-e-type=\"container\">\n\t\t\t\t\t<div class=\"e-con-inner\">\n\t\t\t\t<div class=\"elementor-element elementor-element-1ecb199 elementor-widget elementor-widget-heading\" data-id=\"1ecb199\" data-element_type=\"widget\" data-e-type=\"widget\" data-widget_type=\"heading.default\">\n\t\t\t\t<div class=\"elementor-widget-container\">\n\t\t\t\t\t<h2 class=\"elementor-heading-title elementor-size-default\">Enjoy the soft warmth and darkness<\/h2>\t\t\t\t<\/div>\n\t\t\t\t<\/div>\n\t\t\t\t\t<\/div>\n\t\t\t\t<\/div>\n\t\t<div class=\"elementor-element elementor-element-7d9bd90 e-flex e-con-boxed e-con e-parent\" data-id=\"7d9bd90\" data-element_type=\"container\" data-e-type=\"container\">\n\t\t\t\t\t<div class=\"e-con-inner\">\n\t\t\t\t<div class=\"elementor-element elementor-element-eebcaef elementor-widget__width-inherit elementor-arrows-position-inside elementor-widget elementor-widget-image-carousel\" data-id=\"eebcaef\" data-element_type=\"widget\" data-e-type=\"widget\" data-settings=\"{&quot;navigation&quot;:&quot;arrows&quot;,&quot;lazyload&quot;:&quot;yes&quot;,&quot;image_spacing_custom&quot;:{&quot;unit&quot;:&quot;px&quot;,&quot;size&quot;:10,&quot;sizes&quot;:[]},&quot;slides_to_show&quot;:&quot;2&quot;,&quot;infinite&quot;:&quot;yes&quot;,&quot;speed&quot;:500,&quot;image_spacing_custom_tablet&quot;:{&quot;unit&quot;:&quot;px&quot;,&quot;size&quot;:&quot;&quot;,&quot;sizes&quot;:[]},&quot;image_spacing_custom_mobile&quot;:{&quot;unit&quot;:&quot;px&quot;,&quot;size&quot;:&quot;&quot;,&quot;sizes&quot;:[]}}\" data-widget_type=\"image-carousel.default\">\n\t\t\t\t<div class=\"elementor-widget-container\">\n\t\t\t\t\t\t\t<div class=\"elementor-image-carousel-wrapper swiper\" role=\"region\" aria-roledescription=\"carousel\" aria-label=\"Kuvakaruselli\" dir=\"ltr\">\n\t\t\t<div class=\"elementor-image-carousel swiper-wrapper\" aria-live=\"polite\">\n\t\t\t\t\t\t\t\t<div class=\"swiper-slide\" role=\"group\" aria-roledescription=\"slide\" aria-label=\"1 of 3\"><a data-elementor-open-lightbox=\"yes\" data-elementor-lightbox-slideshow=\"eebcaef\" data-elementor-lightbox-title=\"Savusaunan grillikota\" data-elementor-lightbox-description=\"Savusaunan grillikota\" data-e-action-hash=\"#elementor-action%3Aaction%3Dlightbox%26settings%3DeyJpZCI6NDkyOCwidXJsIjoiaHR0cHM6XC9cL2tvbm5vbGEuZmlcL3dvcmRwcmVzc1wvd3AtY29udGVudFwvdXBsb2Fkc1wvMjAyNVwvMDNcL3NhdnVzYXVuYTIuanBnIiwic2xpZGVzaG93IjoiZWViY2FlZiJ9\" href=\"https:\/\/konnola.fi\/wordpress\/wp-content\/uploads\/2025\/03\/savusauna2.jpg\"><figure class=\"swiper-slide-inner\"><img class=\"swiper-slide-image swiper-lazy\" data-src=\"https:\/\/konnola.fi\/wordpress\/wp-content\/uploads\/2025\/03\/savusauna2.jpg\" alt=\"Savusaunan grillikota\" \/><div class=\"swiper-lazy-preloader\"><\/div><\/figure><\/a><\/div><div class=\"swiper-slide\" role=\"group\" aria-roledescription=\"slide\" aria-label=\"2 of 3\"><a data-elementor-open-lightbox=\"yes\" data-elementor-lightbox-slideshow=\"eebcaef\" data-elementor-lightbox-title=\"Savusaunan grillikota\" data-elementor-lightbox-description=\"Savusaunan grillikota\" data-e-action-hash=\"#elementor-action%3Aaction%3Dlightbox%26settings%3DeyJpZCI6NDkyOSwidXJsIjoiaHR0cHM6XC9cL2tvbm5vbGEuZmlcL3dvcmRwcmVzc1wvd3AtY29udGVudFwvdXBsb2Fkc1wvMjAyNVwvMDNcL1NhdnVzYXVuYW4ta290YS5qcGciLCJzbGlkZXNob3ciOiJlZWJjYWVmIn0%3D\" href=\"https:\/\/konnola.fi\/wordpress\/wp-content\/uploads\/2025\/03\/Savusaunan-kota.jpg\"><figure class=\"swiper-slide-inner\"><img class=\"swiper-slide-image swiper-lazy\" data-src=\"https:\/\/konnola.fi\/wordpress\/wp-content\/uploads\/2025\/03\/Savusaunan-kota.jpg\" alt=\"Savusaunan grillikota\" \/><div class=\"swiper-lazy-preloader\"><\/div><\/figure><\/a><\/div><div class=\"swiper-slide\" role=\"group\" aria-roledescription=\"slide\" aria-label=\"3 of 3\"><a data-elementor-open-lightbox=\"yes\" data-elementor-lightbox-slideshow=\"eebcaef\" data-elementor-lightbox-title=\"Savusauna\" data-elementor-lightbox-description=\"Savusauna\" data-e-action-hash=\"#elementor-action%3Aaction%3Dlightbox%26settings%3DeyJpZCI6NDkyNSwidXJsIjoiaHR0cHM6XC9cL2tvbm5vbGEuZmlcL3dvcmRwcmVzc1wvd3AtY29udGVudFwvdXBsb2Fkc1wvMjAyNVwvMDNcL3NhdnVzYXVuYS1zYXVodS0xLmpwZyIsInNsaWRlc2hvdyI6ImVlYmNhZWYifQ%3D%3D\" href=\"https:\/\/konnola.fi\/wordpress\/wp-content\/uploads\/2025\/03\/savusauna-sauhu-1.jpg\"><figure class=\"swiper-slide-inner\"><img class=\"swiper-slide-image swiper-lazy\" data-src=\"https:\/\/konnola.fi\/wordpress\/wp-content\/uploads\/2025\/03\/savusauna-sauhu-1.jpg\" alt=\"Savusauna\" \/><div class=\"swiper-lazy-preloader\"><\/div><\/figure><\/a><\/div>\t\t\t<\/div>\n\t\t\t\t\t\t\t\t\t\t\t\t<div class=\"elementor-swiper-button elementor-swiper-button-prev\" role=\"button\" tabindex=\"0\">\n\t\t\t\t\t\t<svg aria-hidden=\"true\" class=\"e-font-icon-svg e-eicon-chevron-left\" viewbox=\"0 0 1000 1000\" xmlns=\"http:\/\/www.w3.org\/2000\/svg\"><path d=\"M646 125C629 125 613 133 604 142L308 442C296 454 292 471 292 487 292 504 296 521 308 533L604 854C617 867 629 875 646 875 663 875 679 871 692 858 704 846 713 829 713 812 713 796 708 779 692 767L438 487 692 225C700 217 708 204 708 187 708 171 704 154 692 142 675 129 663 125 646 125Z\"><\/path><\/svg>\t\t\t\t\t<\/div>\n\t\t\t\t\t<div class=\"elementor-swiper-button elementor-swiper-button-next\" role=\"button\" tabindex=\"0\">\n\t\t\t\t\t\t<svg aria-hidden=\"true\" class=\"e-font-icon-svg e-eicon-chevron-right\" viewbox=\"0 0 1000 1000\" xmlns=\"http:\/\/www.w3.org\/2000\/svg\"><path d=\"M696 533C708 521 713 504 713 487 713 471 708 454 696 446L400 146C388 133 375 125 354 125 338 125 325 129 313 142 300 154 292 171 292 187 292 204 296 221 308 233L563 492 304 771C292 783 288 800 288 817 288 833 296 850 308 863 321 871 338 875 354 875 371 875 388 867 400 854L696 533Z\"><\/path><\/svg>\t\t\t\t\t<\/div>\n\t\t\t\t\n\t\t\t\t\t\t\t\t\t<\/div>\n\t\t\t\t\t\t<\/div>\n\t\t\t\t<\/div>\n\t\t\t\t\t<\/div>\n\t\t\t\t<\/div>\n\t\t<div class=\"elementor-element elementor-element-28534a8 e-grid e-con-boxed e-con e-parent\" data-id=\"28534a8\" data-element_type=\"container\" data-e-type=\"container\" data-settings=\"{&quot;background_background&quot;:&quot;classic&quot;}\">\n\t\t\t\t\t<div class=\"e-con-inner\">\n\t\t\t\t<div class=\"elementor-element elementor-element-77abc34 elementor-widget elementor-widget-text-editor\" data-id=\"77abc34\" data-element_type=\"widget\" data-e-type=\"widget\" data-widget_type=\"text-editor.default\">\n\t\t\t\t<div class=\"elementor-widget-container\">\n\t\t\t\t\t\t\t\t\t<div id=\"comp-m7n9o0ek\" class=\"wWvZUh\"><div id=\"text-content-comp-m7n9o0ek\" class=\"HcOXKn c9GqVL QxJLC3 comp-m7n9o0ek wixui-rich-text\" style=\"text-align: center;\" data-testid=\"richTextElement\"><h2><span class=\"wixui-rich-text__text\">Equipment:<\/span><\/h2><p>The smoke sauna (and hot tub ) is always ready and heated gor your group. <br><br \/>The heating process takes about 8 hours.<\/p><p>Smoke sauna seats 12 people<\/p><p>Hot tub seats 6 people<\/p><p>Hut seats 15 people<\/p><p>Dressing room<\/p><p class=\"translation-block\">There are no showers in smoke sauna. The water is taken from the lake and warmed in the sauna stove.<\/p><p>The beach is sandy and shallow. There is a pier. In the winter time you can dip in the ice cold water,<\/p><p>Outside toilet<\/p><p>Small refridgerator<\/p><p>Terrace with furniture<\/p><\/div><\/div>\t\t\t\t\t\t\t\t<\/div>\n\t\t\t\t<\/div>\n\t\t\t\t<div class=\"elementor-element elementor-element-c202c15 elementor-widget elementor-widget-text-editor\" data-id=\"c202c15\" data-element_type=\"widget\" data-e-type=\"widget\" data-widget_type=\"text-editor.default\">\n\t\t\t\t<div class=\"elementor-widget-container\">\n\t\t\t\t\t\t\t\t\t<h2 class=\"has-text-align-center wp-block-heading\" style=\"text-align: center;\">Bookings:<\/h2><p>Smoke sauna &amp; hut: 450 \u20ac\/night<\/p><p>Hot tub +100 \u20ac<\/p><p>Portable extra hot tub +150 \u20ac<\/p><p>Towel: 5 \u20ac\/each<\/p><p>Sauna bench clothes are included in the price.<\/p><p>Hut is included in the price.<\/p><p>VAT is included in the prices.\u00a0<\/p><p class=\"has-text-align-center\" style=\"text-align: center;\">\u00a0<\/p>\t\t\t\t\t\t\t\t<\/div>\n\t\t\t\t<\/div>\n\t\t\t\t\t<\/div>\n\t\t\t\t<\/div>\n\t\t\t\t<\/div>","protected":false},"excerpt":{"rendered":"<p>Savusauna on el\u00e4mys K\u00f6nn\u00f6l\u00e4n tilalle H\u00e4meenlinnaan, Ruokalammen rannalle, on rakennettu vanhan ajan korkeaparvinen savusauna. Sen lauteille mahtuu nauttimaan l\u00f6ylyist\u00e4 12 henke\u00e4 kerrallaan. Savusaunan l\u00e4mm\u00f6st\u00e4 voi pulahtaa Ruokalammen vilvoittavaan veteen niin kes\u00e4ll\u00e4 kuin talvellakin! Jos lampivesi tuntuu liian viile\u00e4lt\u00e4, on 40-asteinen kylpypalju varteenotettava vaihtoehto.\u00a0 Savusaunan yhteydess\u00e4 olevaan tilavaan grillikotaan eli kammiin mahtuu noin 15 henke\u00e4. Kodan<\/p>","protected":false},"author":1,"featured_media":0,"parent":0,"menu_order":0,"comment_status":"closed","ping_status":"closed","template":"elementor_header_footer","meta":{"solace_meta_sidebar":"","solace_meta_container":"","solace_meta_enable_content_width":"","solace_meta_content_width":0,"solace_meta_title_alignment":"","solace_meta_author_avatar":"","solace_post_elements_order":"","solace_meta_disable_header":"","solace_meta_disable_footer":"","solace_meta_disable_title":"","footnotes":""},"class_list":["post-4917","page","type-page","status-publish","hentry"],"yoast_head":"<!-- This site is optimized with the Yoast SEO plugin v27.2 - https:\/\/yoast.com\/product\/yoast-seo-wordpress\/ -->\n<title>Savusauna - K\u00f6nn\u00f6l\u00e4n Matkailutila<\/title>\n<meta name=\"description\" content=\"Vuokraa savusaunamme yksityisk\u00e4ytt\u00f6\u00f6n ja nauti l\u00f6ylyist\u00e4! 12 hengen saunasta voit pulahtaa lampeen tai paljuun vuoden ymp\u00e4ri.\" \/>\n<meta name=\"robots\" content=\"index, follow, max-snippet:-1, max-image-preview:large, max-video-preview:-1\" \/>\n<link rel=\"canonical\" href=\"https:\/\/konnola.fi\/en\/savusauna\/\" \/>\n<meta property=\"og:locale\" content=\"en_GB\" \/>\n<meta property=\"og:type\" content=\"article\" \/>\n<meta property=\"og:title\" content=\"Savusauna - K\u00f6nn\u00f6l\u00e4n Matkailutila\" \/>\n<meta property=\"og:description\" content=\"K\u00f6nn\u00f6l\u00e4n Matkailutilan 12 hengen savusauna on vuokrattavissa ymp\u00e4ri vuoden. H\u00e4meenlinnan Iittalassa sijaitseva sauna sijaitsee lammen rannalla ja tarjolla on my\u00f6s kylpypalju.\" \/>\n<meta property=\"og:url\" content=\"https:\/\/konnola.fi\/en\/savusauna\/\" \/>\n<meta property=\"og:site_name\" content=\"K\u00f6nn\u00f6l\u00e4n Matkailutila\" \/>\n<meta property=\"article:publisher\" content=\"https:\/\/www.facebook.com\/konnolanmatkailutila\/\" \/>\n<meta property=\"article:modified_time\" content=\"2026-01-16T13:02:17+00:00\" \/>\n<meta property=\"og:image\" content=\"https:\/\/konnola.fi\/wordpress\/wp-content\/uploads\/2025\/03\/savusauna-sauhu.jpg\" \/>\n\t<meta property=\"og:image:width\" content=\"1536\" \/>\n\t<meta property=\"og:image:height\" content=\"1536\" \/>\n\t<meta property=\"og:image:type\" content=\"image\/jpeg\" \/>\n<meta name=\"twitter:card\" content=\"summary_large_image\" \/>\n<meta name=\"twitter:label1\" content=\"Estimated reading time\" \/>\n\t<meta name=\"twitter:data1\" content=\"3 minutes\" \/>\n<script type=\"application\/ld+json\" class=\"yoast-schema-graph\">{\"@context\":\"https:\/\/schema.org\",\"@graph\":[{\"@type\":\"WebPage\",\"@id\":\"https:\/\/konnola.fi\/savusauna\/\",\"url\":\"https:\/\/konnola.fi\/savusauna\/\",\"name\":\"Savusauna - K\u00f6nn\u00f6l\u00e4n Matkailutila\",\"isPartOf\":{\"@id\":\"https:\/\/konnola.fi\/#website\"},\"primaryImageOfPage\":{\"@id\":\"https:\/\/konnola.fi\/savusauna\/#primaryimage\"},\"image\":{\"@id\":\"https:\/\/konnola.fi\/savusauna\/#primaryimage\"},\"thumbnailUrl\":\"https:\/\/konnola.fi\/wordpress\/wp-content\/uploads\/2025\/03\/savusauna2.jpg\",\"datePublished\":\"2025-03-25T11:10:02+00:00\",\"dateModified\":\"2026-01-16T13:02:17+00:00\",\"description\":\"Vuokraa savusaunamme yksityisk\u00e4ytt\u00f6\u00f6n ja nauti l\u00f6ylyist\u00e4! 12 hengen saunasta voit pulahtaa lampeen tai paljuun vuoden ymp\u00e4ri.\",\"breadcrumb\":{\"@id\":\"https:\/\/konnola.fi\/savusauna\/#breadcrumb\"},\"inLanguage\":\"en-GB\",\"potentialAction\":[{\"@type\":\"ReadAction\",\"target\":[\"https:\/\/konnola.fi\/savusauna\/\"]}]},{\"@type\":\"ImageObject\",\"inLanguage\":\"en-GB\",\"@id\":\"https:\/\/konnola.fi\/savusauna\/#primaryimage\",\"url\":\"https:\/\/konnola.fi\/wordpress\/wp-content\/uploads\/2025\/03\/savusauna2.jpg\",\"contentUrl\":\"https:\/\/konnola.fi\/wordpress\/wp-content\/uploads\/2025\/03\/savusauna2.jpg\"},{\"@type\":\"BreadcrumbList\",\"@id\":\"https:\/\/konnola.fi\/savusauna\/#breadcrumb\",\"itemListElement\":[{\"@type\":\"ListItem\",\"position\":1,\"name\":\"Etusivu\",\"item\":\"https:\/\/konnola.fi\/\"},{\"@type\":\"ListItem\",\"position\":2,\"name\":\"Savusauna\"}]},{\"@type\":\"WebSite\",\"@id\":\"https:\/\/konnola.fi\/#website\",\"url\":\"https:\/\/konnola.fi\/\",\"name\":\"K\u00f6nn\u00f6l\u00e4n Matkailutila\",\"description\":\"Vuokram\u00f6kit &amp; juhla- ja kokoustilat H\u00e4meenlinnassa\",\"publisher\":{\"@id\":\"https:\/\/konnola.fi\/#organization\"},\"potentialAction\":[{\"@type\":\"SearchAction\",\"target\":{\"@type\":\"EntryPoint\",\"urlTemplate\":\"https:\/\/konnola.fi\/?s={search_term_string}\"},\"query-input\":{\"@type\":\"PropertyValueSpecification\",\"valueRequired\":true,\"valueName\":\"search_term_string\"}}],\"inLanguage\":\"en-GB\"},{\"@type\":\"Organization\",\"@id\":\"https:\/\/konnola.fi\/#organization\",\"name\":\"K\u00f6nn\u00f6l\u00e4n Matkailutila\",\"url\":\"https:\/\/konnola.fi\/\",\"logo\":{\"@type\":\"ImageObject\",\"inLanguage\":\"en-GB\",\"@id\":\"https:\/\/konnola.fi\/#\/schema\/logo\/image\/\",\"url\":\"https:\/\/konnola.fi\/wordpress\/wp-content\/uploads\/2025\/07\/KONNOLAN-MATKAILUTILA-logo.png\",\"contentUrl\":\"https:\/\/konnola.fi\/wordpress\/wp-content\/uploads\/2025\/07\/KONNOLAN-MATKAILUTILA-logo.png\",\"width\":500,\"height\":500,\"caption\":\"K\u00f6nn\u00f6l\u00e4n Matkailutila\"},\"image\":{\"@id\":\"https:\/\/konnola.fi\/#\/schema\/logo\/image\/\"},\"sameAs\":[\"https:\/\/www.facebook.com\/konnolanmatkailutila\/\",\"https:\/\/www.instagram.com\/konnolanmatkailutila\"]}]}<\/script>\n<!-- \/ Yoast SEO plugin. -->","yoast_head_json":{"title":"Savusauna - K\u00f6nn\u00f6l\u00e4n Matkailutila","description":"Vuokraa savusaunamme yksityisk\u00e4ytt\u00f6\u00f6n ja nauti l\u00f6ylyist\u00e4! 12 hengen saunasta voit pulahtaa lampeen tai paljuun vuoden ymp\u00e4ri.","robots":{"index":"index","follow":"follow","max-snippet":"max-snippet:-1","max-image-preview":"max-image-preview:large","max-video-preview":"max-video-preview:-1"},"canonical":"https:\/\/konnola.fi\/en\/savusauna\/","og_locale":"en_GB","og_type":"article","og_title":"Savusauna - K\u00f6nn\u00f6l\u00e4n Matkailutila","og_description":"K\u00f6nn\u00f6l\u00e4n Matkailutilan 12 hengen savusauna on vuokrattavissa ymp\u00e4ri vuoden. H\u00e4meenlinnan Iittalassa sijaitseva sauna sijaitsee lammen rannalla ja tarjolla on my\u00f6s kylpypalju.","og_url":"https:\/\/konnola.fi\/en\/savusauna\/","og_site_name":"K\u00f6nn\u00f6l\u00e4n Matkailutila","article_publisher":"https:\/\/www.facebook.com\/konnolanmatkailutila\/","article_modified_time":"2026-01-16T13:02:17+00:00","og_image":[{"width":1536,"height":1536,"url":"https:\/\/konnola.fi\/wordpress\/wp-content\/uploads\/2025\/03\/savusauna-sauhu.jpg","type":"image\/jpeg"}],"twitter_card":"summary_large_image","twitter_misc":{"Estimated reading time":"3 minutes"},"schema":{"@context":"https:\/\/schema.org","@graph":[{"@type":"WebPage","@id":"https:\/\/konnola.fi\/savusauna\/","url":"https:\/\/konnola.fi\/savusauna\/","name":"Savusauna - K\u00f6nn\u00f6l\u00e4n Matkailutila","isPartOf":{"@id":"https:\/\/konnola.fi\/#website"},"primaryImageOfPage":{"@id":"https:\/\/konnola.fi\/savusauna\/#primaryimage"},"image":{"@id":"https:\/\/konnola.fi\/savusauna\/#primaryimage"},"thumbnailUrl":"https:\/\/konnola.fi\/wordpress\/wp-content\/uploads\/2025\/03\/savusauna2.jpg","datePublished":"2025-03-25T11:10:02+00:00","dateModified":"2026-01-16T13:02:17+00:00","description":"Vuokraa savusaunamme yksityisk\u00e4ytt\u00f6\u00f6n ja nauti l\u00f6ylyist\u00e4! 12 hengen saunasta voit pulahtaa lampeen tai paljuun vuoden ymp\u00e4ri.","breadcrumb":{"@id":"https:\/\/konnola.fi\/savusauna\/#breadcrumb"},"inLanguage":"en-GB","potentialAction":[{"@type":"ReadAction","target":["https:\/\/konnola.fi\/savusauna\/"]}]},{"@type":"ImageObject","inLanguage":"en-GB","@id":"https:\/\/konnola.fi\/savusauna\/#primaryimage","url":"https:\/\/konnola.fi\/wordpress\/wp-content\/uploads\/2025\/03\/savusauna2.jpg","contentUrl":"https:\/\/konnola.fi\/wordpress\/wp-content\/uploads\/2025\/03\/savusauna2.jpg"},{"@type":"BreadcrumbList","@id":"https:\/\/konnola.fi\/savusauna\/#breadcrumb","itemListElement":[{"@type":"ListItem","position":1,"name":"Etusivu","item":"https:\/\/konnola.fi\/"},{"@type":"ListItem","position":2,"name":"Savusauna"}]},{"@type":"WebSite","@id":"https:\/\/konnola.fi\/#website","url":"https:\/\/konnola.fi\/","name":"K\u00f6nn\u00f6l\u00e4n Matkailutila","description":"Vuokram\u00f6kit &amp; juhla- ja kokoustilat H\u00e4meenlinnassa","publisher":{"@id":"https:\/\/konnola.fi\/#organization"},"potentialAction":[{"@type":"SearchAction","target":{"@type":"EntryPoint","urlTemplate":"https:\/\/konnola.fi\/?s={search_term_string}"},"query-input":{"@type":"PropertyValueSpecification","valueRequired":true,"valueName":"search_term_string"}}],"inLanguage":"en-GB"},{"@type":"Organization","@id":"https:\/\/konnola.fi\/#organization","name":"K\u00f6nn\u00f6l\u00e4n Matkailutila","url":"https:\/\/konnola.fi\/","logo":{"@type":"ImageObject","inLanguage":"en-GB","@id":"https:\/\/konnola.fi\/#\/schema\/logo\/image\/","url":"https:\/\/konnola.fi\/wordpress\/wp-content\/uploads\/2025\/07\/KONNOLAN-MATKAILUTILA-logo.png","contentUrl":"https:\/\/konnola.fi\/wordpress\/wp-content\/uploads\/2025\/07\/KONNOLAN-MATKAILUTILA-logo.png","width":500,"height":500,"caption":"K\u00f6nn\u00f6l\u00e4n Matkailutila"},"image":{"@id":"https:\/\/konnola.fi\/#\/schema\/logo\/image\/"},"sameAs":["https:\/\/www.facebook.com\/konnolanmatkailutila\/","https:\/\/www.instagram.com\/konnolanmatkailutila"]}]}},"_links":{"self":[{"href":"https:\/\/konnola.fi\/en\/wp-json\/wp\/v2\/pages\/4917","targetHints":{"allow":["GET"]}}],"collection":[{"href":"https:\/\/konnola.fi\/en\/wp-json\/wp\/v2\/pages"}],"about":[{"href":"https:\/\/konnola.fi\/en\/wp-json\/wp\/v2\/types\/page"}],"author":[{"embeddable":true,"href":"https:\/\/konnola.fi\/en\/wp-json\/wp\/v2\/users\/1"}],"replies":[{"embeddable":true,"href":"https:\/\/konnola.fi\/en\/wp-json\/wp\/v2\/comments?post=4917"}],"version-history":[{"count":43,"href":"https:\/\/konnola.fi\/en\/wp-json\/wp\/v2\/pages\/4917\/revisions"}],"predecessor-version":[{"id":6854,"href":"https:\/\/konnola.fi\/en\/wp-json\/wp\/v2\/pages\/4917\/revisions\/6854"}],"wp:attachment":[{"href":"https:\/\/konnola.fi\/en\/wp-json\/wp\/v2\/media?parent=4917"}],"curies":[{"name":"wp","href":"https:\/\/api.w.org\/{rel}","templated":true}]}}