{"id":4473,"date":"2025-03-21T09:38:16","date_gmt":"2025-03-21T07:38:16","guid":{"rendered":"https:\/\/konnola.fi\/?page_id=4473"},"modified":"2026-02-14T10:52:19","modified_gmt":"2026-02-14T08:52:19","slug":"yritykset-ryhmat","status":"publish","type":"page","link":"https:\/\/konnola.fi\/en\/yritykset-ryhmat\/","title":{"rendered":"For groups"},"content":{"rendered":"<div data-elementor-type=\"wp-page\" data-elementor-id=\"4473\" class=\"elementor elementor-4473\">\n\t\t\t\t<div class=\"elementor-element elementor-element-64dd7cb5 e-con-full e-flex e-con e-parent\" data-id=\"64dd7cb5\" data-element_type=\"container\" data-e-type=\"container\" data-settings=\"{&quot;background_background&quot;:&quot;classic&quot;}\">\n\t\t<div class=\"elementor-element elementor-element-7f79a2db e-flex e-con-boxed e-con e-child\" data-id=\"7f79a2db\" data-element_type=\"container\" data-e-type=\"container\">\n\t\t\t\t\t<div class=\"e-con-inner\">\n\t\t\t\t<div class=\"elementor-element elementor-element-39c4f5f2 elementor-widget elementor-widget-heading\" data-id=\"39c4f5f2\" data-element_type=\"widget\" data-e-type=\"widget\" data-widget_type=\"heading.default\">\n\t\t\t\t<div class=\"elementor-widget-container\">\n\t\t\t\t\t<h1 class=\"elementor-heading-title elementor-size-default\">Services for groups<\/h1>\t\t\t\t<\/div>\n\t\t\t\t<\/div>\n\t\t\t\t\t<\/div>\n\t\t\t\t<\/div>\n\t\t\t\t<\/div>\n\t\t<div class=\"elementor-element elementor-element-82e4e6e e-flex e-con-boxed e-con e-parent\" data-id=\"82e4e6e\" data-element_type=\"container\" data-e-type=\"container\">\n\t\t\t\t\t<div class=\"e-con-inner\">\n\t\t\t\t<div class=\"elementor-element elementor-element-ea754a2 elementor-widget elementor-widget-heading\" data-id=\"ea754a2\" data-element_type=\"widget\" data-e-type=\"widget\" data-widget_type=\"heading.default\">\n\t\t\t\t<div class=\"elementor-widget-container\">\n\t\t\t\t\t<h2 class=\"elementor-heading-title elementor-size-default\">Bring your team to the countryside<\/h2>\t\t\t\t<\/div>\n\t\t\t\t<\/div>\n\t\t\t\t\t<\/div>\n\t\t\t\t<\/div>\n\t\t<div class=\"elementor-element elementor-element-06634cd e-con-full e-flex e-con e-parent\" data-id=\"06634cd\" data-element_type=\"container\" data-e-type=\"container\" data-settings=\"{&quot;background_background&quot;:&quot;classic&quot;}\">\n\t\t\t\t<div class=\"elementor-element elementor-element-dee98cc elementor-widget elementor-widget-text-editor\" data-id=\"dee98cc\" data-element_type=\"widget\" data-e-type=\"widget\" data-widget_type=\"text-editor.default\">\n\t\t\t\t<div class=\"elementor-widget-container\">\n\t\t\t\t\t\t\t\t\t<p class=\"has-text-align-center translation-block\">Our good location (Helsinki 120 km, Tampere 70 km, Turku 130 km) and versatile facilities enable a wide range of events in an idyllic countryside setting.<\/p><p class=\"has-text-align-center translation-block\">A magnificent smoke sauna, beautiful environment and a large venue for conferences and meetings is found in the beautiful countryside of H\u00e4meenlinna, in K\u00f6nn\u00f6l\u00e4 farm. Our meeting venue has a capacity of 180 persons and our cottages and villas can accommodate up to 54 persons.<\/p><p class=\"has-text-align-center translation-block\">A successful day is naturally crowned with delicious food from our own kitchen or our partner catering services.<\/p>\t\t\t\t\t\t\t\t<\/div>\n\t\t\t\t<\/div>\n\t\t\t\t<\/div>\n\t\t<div class=\"elementor-element elementor-element-5b0e57c e-grid e-con-boxed e-con e-parent\" data-id=\"5b0e57c\" data-element_type=\"container\" data-e-type=\"container\" data-settings=\"{&quot;background_background&quot;:&quot;classic&quot;}\">\n\t\t\t\t\t<div class=\"e-con-inner\">\n\t\t\t\t<div class=\"elementor-element elementor-element-63dbedb elementor-widget elementor-widget-image\" data-id=\"63dbedb\" data-element_type=\"widget\" data-e-type=\"widget\" data-widget_type=\"image.default\">\n\t\t\t\t<div class=\"elementor-widget-container\">\n\t\t\t\t\t\t\t\t\t\t\t\t\t\t\t<img fetchpriority=\"high\" decoding=\"async\" width=\"640\" height=\"640\" src=\"https:\/\/konnola.fi\/wordpress\/wp-content\/uploads\/2025\/03\/triffle-e1742543654488.jpg\" class=\"attachment-large size-large wp-image-4284\" alt=\"K\u00f6nn\u00f6l\u00e4n Matkailutilan kokoustilat H\u00e4meenlinna\" srcset=\"https:\/\/konnola.fi\/wordpress\/wp-content\/uploads\/2025\/03\/triffle-e1742543654488.jpg 675w, https:\/\/konnola.fi\/wordpress\/wp-content\/uploads\/2025\/03\/triffle-e1742543654488-420x420.jpg 420w\" sizes=\"(max-width: 640px) 100vw, 640px\" \/>\t\t\t\t\t\t\t\t\t\t\t\t\t\t\t<\/div>\n\t\t\t\t<\/div>\n\t\t\t\t<div class=\"elementor-element elementor-element-c87fa7e elementor-widget elementor-widget-image\" data-id=\"c87fa7e\" data-element_type=\"widget\" data-e-type=\"widget\" data-widget_type=\"image.default\">\n\t\t\t\t<div class=\"elementor-widget-container\">\n\t\t\t\t\t\t\t\t\t\t\t\t\t\t\t<img decoding=\"async\" width=\"640\" height=\"640\" src=\"https:\/\/konnola.fi\/wordpress\/wp-content\/uploads\/2025\/03\/salaatti-e1742544702923-1200x1200.jpg\" class=\"attachment-large size-large wp-image-4286\" alt=\"K\u00f6nn\u00f6l\u00e4n Matkailutilan kokoustilat H\u00e4meenlinna\" srcset=\"https:\/\/konnola.fi\/wordpress\/wp-content\/uploads\/2025\/03\/salaatti-e1742544702923-1200x1200.jpg 1200w, https:\/\/konnola.fi\/wordpress\/wp-content\/uploads\/2025\/03\/salaatti-e1742544702923-744x744.jpg 744w, https:\/\/konnola.fi\/wordpress\/wp-content\/uploads\/2025\/03\/salaatti-e1742544702923-420x420.jpg 420w, https:\/\/konnola.fi\/wordpress\/wp-content\/uploads\/2025\/03\/salaatti-e1742544702923-768x768.jpg 768w, https:\/\/konnola.fi\/wordpress\/wp-content\/uploads\/2025\/03\/salaatti-e1742544702923.jpg 1523w\" sizes=\"(max-width: 640px) 100vw, 640px\" \/>\t\t\t\t\t\t\t\t\t\t\t\t\t\t\t<\/div>\n\t\t\t\t<\/div>\n\t\t\t\t<div class=\"elementor-element elementor-element-c4fa9b9 elementor-widget elementor-widget-image\" data-id=\"c4fa9b9\" data-element_type=\"widget\" data-e-type=\"widget\" data-widget_type=\"image.default\">\n\t\t\t\t<div class=\"elementor-widget-container\">\n\t\t\t\t\t\t\t\t\t\t\t\t\t\t\t<img decoding=\"async\" width=\"400\" height=\"400\" src=\"https:\/\/konnola.fi\/wordpress\/wp-content\/uploads\/2025\/05\/navettaulk.jpg\" class=\"attachment-full size-full wp-image-5671\" alt=\"K\u00f6nn\u00f6l\u00e4n Matkailutilan kokoustilat H\u00e4meenlinna\" \/>\t\t\t\t\t\t\t\t\t\t\t\t\t\t\t<\/div>\n\t\t\t\t<\/div>\n\t\t\t\t\t<\/div>\n\t\t\t\t<\/div>\n\t\t<div class=\"elementor-element elementor-element-0449b0f e-flex e-con-boxed e-con e-parent\" data-id=\"0449b0f\" data-element_type=\"container\" data-e-type=\"container\">\n\t\t\t\t\t<div class=\"e-con-inner\">\n\t\t\t\t<div class=\"elementor-element elementor-element-bdbe3f6 elementor-widget elementor-widget-heading\" data-id=\"bdbe3f6\" data-element_type=\"widget\" data-e-type=\"widget\" data-widget_type=\"heading.default\">\n\t\t\t\t<div class=\"elementor-widget-container\">\n\t\t\t\t\t<h2 class=\"elementor-heading-title elementor-size-default\">Let's plan a successful event together<\/h2>\t\t\t\t<\/div>\n\t\t\t\t<\/div>\n\t\t\t\t\t<\/div>\n\t\t\t\t<\/div>\n\t\t<div class=\"elementor-element elementor-element-90e9692 e-con-full e-flex e-con e-parent\" data-id=\"90e9692\" data-element_type=\"container\" data-e-type=\"container\" data-settings=\"{&quot;background_background&quot;:&quot;classic&quot;}\">\n\t\t\t\t<div class=\"elementor-element elementor-element-28f07b6 elementor-widget__width-initial elementor-widget elementor-widget-text-editor\" data-id=\"28f07b6\" data-element_type=\"widget\" data-e-type=\"widget\" data-widget_type=\"text-editor.default\">\n\t\t\t\t<div class=\"elementor-widget-container\">\n\t\t\t\t\t\t\t\t\t<p class=\"has-text-align-center\">We are glad to plan an unique event for your group according to your wishes. Contact us or send a request for a quote using the form below. When requesting a quote, it is helpful to consider the following things in advance, this will also speed up the process of providing a quote:<\/p><p class=\"has-text-align-center\">Time of arrival &amp; departure<br \/>How many persons<br \/>Event schedule (especially the placement of meals in the schedule)<br \/>Wishes regarding space<br \/>Activities\/program\/saunas<br \/>Catering &amp; beverages<br \/>Other, for example, special diets, transportation<\/p><p><!-- \/wp:spacer --><!-- wp:contact-form-7\/contact-form-selector {\"id\":1293,\"title\":\"Varauslomake\"} --><\/p><div class=\"wp-block-contact-form-7-contact-form-selector\"><div class=\"wpcf7 no-js\" id=\"wpcf7-f1293-o1\" lang=\"fi\" dir=\"ltr\">\n<div class=\"screen-reader-response\"><p role=\"status\" aria-live=\"polite\" aria-atomic=\"true\"><\/p> <ul><\/ul><\/div>\n<form action=\"\/en\/wp-json\/wp\/v2\/pages\/4473#wpcf7-f1293-o1\" method=\"post\" class=\"wpcf7-form init\" aria-label=\"Contact form\" novalidate=\"novalidate\" data-status=\"init\" data-trp-original-action=\"\/en\/wp-json\/wp\/v2\/pages\/4473#wpcf7-f1293-o1\">\n<div style=\"display: none;\">\n<input type=\"hidden\" name=\"_wpcf7\" value=\"1293\" \/>\n<input type=\"hidden\" name=\"_wpcf7_version\" value=\"5.7.2\" \/>\n<input type=\"hidden\" name=\"_wpcf7_locale\" value=\"fi\" \/>\n<input type=\"hidden\" name=\"_wpcf7_unit_tag\" value=\"wpcf7-f1293-o1\" \/>\n<input type=\"hidden\" name=\"_wpcf7_container_post\" value=\"0\" \/>\n<input type=\"hidden\" name=\"_wpcf7_posted_data_hash\" value=\"\" \/>\n<input type=\"hidden\" name=\"_wpcf7_recaptcha_response\" value=\"\" \/>\n<\/div>\n<p>Topic\n<\/p>\n<p><span class=\"wpcf7-form-control-wrap\" data-name=\"menu-362\"><select class=\"wpcf7-form-control wpcf7-select wpcf7-validates-as-required\" aria-required=\"true\" aria-invalid=\"false\" name=\"menu-362\"><option value=\"Villa Em\u00e4lampi\">Villa Em\u00e4lampi<\/option><option value=\"Myllytupa\">Myllytupa<\/option><option value=\"Hautalampi A\">Hautalampi A<\/option><option value=\"Hautalampi B\">Hautalampi B<\/option><option value=\"Kaivolampi\">Kaivolampi<\/option><option value=\"Isokilpilampi\">Isokilpilampi<\/option><option value=\"Pikkukilpilampi\">Pikkukilpilampi<\/option><option value=\"Koivum\u00e4ki\">Koivum\u00e4ki<\/option><option value=\"Juhlanavetta\">Juhlanavetta<\/option><option value=\"Savusauna\">Smoke sauna<\/option><option value=\"Annan palautetta\">Annan palautetta<\/option><option value=\"Tarjouspyynt\u00f6 tilaisuudesta\">Tarjouspyynt\u00f6 tilaisuudesta<\/option><\/select><\/span>\n<\/p>\n<p>Date\n<\/p>\n<p><span class=\"wpcf7-form-control-wrap\" data-name=\"your-subject\"><input size=\"40\" class=\"wpcf7-form-control wpcf7-text wpcf7-validates-as-required\" aria-required=\"true\" aria-invalid=\"false\" value=\"\" type=\"text\" name=\"your-subject\" \/><\/span>\n<\/p>\n<p>Name\n<\/p>\n<p><span class=\"wpcf7-form-control-wrap\" data-name=\"your-name\"><input size=\"40\" class=\"wpcf7-form-control wpcf7-text wpcf7-validates-as-required\" aria-required=\"true\" aria-invalid=\"false\" value=\"\" type=\"text\" name=\"your-name\" \/><\/span>\n<\/p>\n<p>Email\n<\/p>\n<p><span class=\"wpcf7-form-control-wrap\" data-name=\"your-email\"><input size=\"40\" class=\"wpcf7-form-control wpcf7-text wpcf7-email wpcf7-validates-as-required wpcf7-validates-as-email\" aria-required=\"true\" aria-invalid=\"false\" value=\"\" type=\"email\" name=\"your-email\" \/><\/span>\n<\/p>\n<p>Phone\n<\/p>\n<p><span class=\"wpcf7-form-control-wrap\" data-name=\"tel-285\"><input size=\"40\" class=\"wpcf7-form-control wpcf7-text wpcf7-tel wpcf7-validates-as-tel\" aria-invalid=\"false\" value=\"\" type=\"tel\" name=\"tel-285\" \/><\/span>\n<\/p>\n<p>More information\/your message\n<\/p>\n<p><span class=\"wpcf7-form-control-wrap\" data-name=\"your-message\"><textarea cols=\"40\" rows=\"10\" class=\"wpcf7-form-control wpcf7-textarea\" aria-invalid=\"false\" name=\"your-message\"><\/textarea><\/span>\n<\/p>\n\n<p><input class=\"wpcf7-form-control has-spinner wpcf7-submit\" type=\"submit\" value=\"Send\" \/>\n<\/p><p style=\"display: none !important;\"><label>&#916;<textarea name=\"_wpcf7_ak_hp_textarea\" cols=\"45\" rows=\"8\" maxlength=\"100\"><\/textarea><\/label><input type=\"hidden\" id=\"ak_js_1\" name=\"_wpcf7_ak_js\" value=\"237\"\/><script>document.getElementById( \"ak_js_1\" ).setAttribute( \"value\", ( new Date() ).getTime() );<\/script><\/p><div class=\"wpcf7-response-output\" aria-hidden=\"true\"><\/div><input type=\"hidden\" name=\"trp-form-language\" value=\"en\"\/><\/form><\/div><\/div>\t\t\t\t\t\t\t\t<\/div>\n\t\t\t\t<\/div>\n\t\t\t\t<\/div>\n\t\t<div class=\"elementor-element elementor-element-d3359f1 e-flex e-con-boxed e-con e-parent\" data-id=\"d3359f1\" data-element_type=\"container\" data-e-type=\"container\">\n\t\t\t\t\t<div class=\"e-con-inner\">\n\t\t\t\t\t<\/div>\n\t\t\t\t<\/div>\n\t\t\t\t<\/div>","protected":false},"excerpt":{"rendered":"<p>Yritykset &amp; ryhm\u00e4t Tuo tiimisi maalle ja mets\u00e4\u00e4n Matkailutilamme hyv\u00e4 sijainti (Helsinki 120 km, Tampere 70 km, Turku 130 km)ja monipuoliset tilat mahdollistavat monenlaiset tilaisuudet maalaismilj\u00f6\u00f6ss\u00e4. Upea savusauna grillikotineen sek\u00e4 kaunis milj\u00f6\u00f6, jossa liikunta on nautinto, ovat asioita,joista kostuu toimiva kokous-, tyky- tai muu yhteis\u00f6nne erityinen p\u00e4iv\u00e4. Vanhaan navettaamme kunnostettu juhlatila tarjoaa tilan kokouksiin jopa<\/p>","protected":false},"author":1,"featured_media":0,"parent":0,"menu_order":0,"comment_status":"closed","ping_status":"closed","template":"elementor_header_footer","meta":{"solace_meta_sidebar":"","solace_meta_container":"","solace_meta_enable_content_width":"","solace_meta_content_width":0,"solace_meta_title_alignment":"","solace_meta_author_avatar":"","solace_post_elements_order":"","solace_meta_disable_header":"","solace_meta_disable_footer":"","solace_meta_disable_title":"","footnotes":""},"class_list":["post-4473","page","type-page","status-publish","hentry"],"yoast_head":"<!-- This site is optimized with the Yoast SEO plugin v27.2 - https:\/\/yoast.com\/product\/yoast-seo-wordpress\/ -->\n<title>Yritykset &amp; ryhm\u00e4t - K\u00f6nn\u00f6l\u00e4n Matkailutila<\/title>\n<meta name=\"robots\" content=\"index, follow, max-snippet:-1, max-image-preview:large, max-video-preview:-1\" \/>\n<link rel=\"canonical\" href=\"https:\/\/konnola.fi\/en\/yritykset-ryhmat\/\" \/>\n<meta property=\"og:locale\" content=\"en_GB\" \/>\n<meta property=\"og:type\" content=\"article\" \/>\n<meta property=\"og:title\" content=\"Yritykset &amp; ryhm\u00e4t - K\u00f6nn\u00f6l\u00e4n Matkailutila\" \/>\n<meta property=\"og:description\" content=\"Yritykset &amp; ryhm\u00e4t Tuo tiimisi maalle ja mets\u00e4\u00e4n Matkailutilamme hyv\u00e4 sijainti (Helsinki 120 km, Tampere 70 km, Turku 130 km)ja monipuoliset tilat mahdollistavat monenlaiset tilaisuudet maalaismilj\u00f6\u00f6ss\u00e4. Upea savusauna grillikotineen sek\u00e4 kaunis milj\u00f6\u00f6, jossa liikunta on nautinto, ovat asioita,joista kostuu toimiva kokous-, tyky- tai muu yhteis\u00f6nne erityinen p\u00e4iv\u00e4. Vanhaan navettaamme kunnostettu juhlatila tarjoaa tilan kokouksiin jopa\" \/>\n<meta property=\"og:url\" content=\"https:\/\/konnola.fi\/en\/yritykset-ryhmat\/\" \/>\n<meta property=\"og:site_name\" content=\"K\u00f6nn\u00f6l\u00e4n Matkailutila\" \/>\n<meta property=\"article:publisher\" content=\"https:\/\/www.facebook.com\/konnolanmatkailutila\/\" \/>\n<meta property=\"article:modified_time\" content=\"2026-02-14T08:52:19+00:00\" \/>\n<meta property=\"og:image\" content=\"https:\/\/konnola.fi\/wordpress\/wp-content\/uploads\/2025\/03\/triffle-e1742543654488.jpg\" \/>\n\t<meta property=\"og:image:width\" content=\"675\" \/>\n\t<meta property=\"og:image:height\" content=\"675\" \/>\n\t<meta property=\"og:image:type\" content=\"image\/jpeg\" \/>\n<meta name=\"twitter:card\" content=\"summary_large_image\" \/>\n<meta name=\"twitter:label1\" content=\"Estimated reading time\" \/>\n\t<meta name=\"twitter:data1\" content=\"2 minutes\" \/>\n<script type=\"application\/ld+json\" class=\"yoast-schema-graph\">{\"@context\":\"https:\/\/schema.org\",\"@graph\":[{\"@type\":\"WebPage\",\"@id\":\"https:\/\/konnola.fi\/yritykset-ryhmat\/\",\"url\":\"https:\/\/konnola.fi\/yritykset-ryhmat\/\",\"name\":\"Yritykset & ryhm\u00e4t - K\u00f6nn\u00f6l\u00e4n Matkailutila\",\"isPartOf\":{\"@id\":\"https:\/\/konnola.fi\/#website\"},\"primaryImageOfPage\":{\"@id\":\"https:\/\/konnola.fi\/yritykset-ryhmat\/#primaryimage\"},\"image\":{\"@id\":\"https:\/\/konnola.fi\/yritykset-ryhmat\/#primaryimage\"},\"thumbnailUrl\":\"https:\/\/konnola.fi\/wordpress\/wp-content\/uploads\/2025\/03\/triffle-e1742543654488.jpg\",\"datePublished\":\"2025-03-21T07:38:16+00:00\",\"dateModified\":\"2026-02-14T08:52:19+00:00\",\"breadcrumb\":{\"@id\":\"https:\/\/konnola.fi\/yritykset-ryhmat\/#breadcrumb\"},\"inLanguage\":\"en-GB\",\"potentialAction\":[{\"@type\":\"ReadAction\",\"target\":[\"https:\/\/konnola.fi\/yritykset-ryhmat\/\"]}]},{\"@type\":\"ImageObject\",\"inLanguage\":\"en-GB\",\"@id\":\"https:\/\/konnola.fi\/yritykset-ryhmat\/#primaryimage\",\"url\":\"https:\/\/konnola.fi\/wordpress\/wp-content\/uploads\/2025\/03\/triffle-e1742543654488.jpg\",\"contentUrl\":\"https:\/\/konnola.fi\/wordpress\/wp-content\/uploads\/2025\/03\/triffle-e1742543654488.jpg\"},{\"@type\":\"BreadcrumbList\",\"@id\":\"https:\/\/konnola.fi\/yritykset-ryhmat\/#breadcrumb\",\"itemListElement\":[{\"@type\":\"ListItem\",\"position\":1,\"name\":\"Etusivu\",\"item\":\"https:\/\/konnola.fi\/\"},{\"@type\":\"ListItem\",\"position\":2,\"name\":\"Yritykset &#038; ryhm\u00e4t\"}]},{\"@type\":\"WebSite\",\"@id\":\"https:\/\/konnola.fi\/#website\",\"url\":\"https:\/\/konnola.fi\/\",\"name\":\"K\u00f6nn\u00f6l\u00e4n Matkailutila\",\"description\":\"Vuokram\u00f6kit &amp; juhla- ja kokoustilat H\u00e4meenlinnassa\",\"publisher\":{\"@id\":\"https:\/\/konnola.fi\/#organization\"},\"potentialAction\":[{\"@type\":\"SearchAction\",\"target\":{\"@type\":\"EntryPoint\",\"urlTemplate\":\"https:\/\/konnola.fi\/?s={search_term_string}\"},\"query-input\":{\"@type\":\"PropertyValueSpecification\",\"valueRequired\":true,\"valueName\":\"search_term_string\"}}],\"inLanguage\":\"en-GB\"},{\"@type\":\"Organization\",\"@id\":\"https:\/\/konnola.fi\/#organization\",\"name\":\"K\u00f6nn\u00f6l\u00e4n Matkailutila\",\"url\":\"https:\/\/konnola.fi\/\",\"logo\":{\"@type\":\"ImageObject\",\"inLanguage\":\"en-GB\",\"@id\":\"https:\/\/konnola.fi\/#\/schema\/logo\/image\/\",\"url\":\"https:\/\/konnola.fi\/wordpress\/wp-content\/uploads\/2025\/07\/KONNOLAN-MATKAILUTILA-logo.png\",\"contentUrl\":\"https:\/\/konnola.fi\/wordpress\/wp-content\/uploads\/2025\/07\/KONNOLAN-MATKAILUTILA-logo.png\",\"width\":500,\"height\":500,\"caption\":\"K\u00f6nn\u00f6l\u00e4n Matkailutila\"},\"image\":{\"@id\":\"https:\/\/konnola.fi\/#\/schema\/logo\/image\/\"},\"sameAs\":[\"https:\/\/www.facebook.com\/konnolanmatkailutila\/\",\"https:\/\/www.instagram.com\/konnolanmatkailutila\"]}]}<\/script>\n<!-- \/ Yoast SEO plugin. -->","yoast_head_json":{"title":"Yritykset & ryhm\u00e4t - K\u00f6nn\u00f6l\u00e4n Matkailutila","robots":{"index":"index","follow":"follow","max-snippet":"max-snippet:-1","max-image-preview":"max-image-preview:large","max-video-preview":"max-video-preview:-1"},"canonical":"https:\/\/konnola.fi\/en\/yritykset-ryhmat\/","og_locale":"en_GB","og_type":"article","og_title":"Yritykset & ryhm\u00e4t - K\u00f6nn\u00f6l\u00e4n Matkailutila","og_description":"Yritykset &amp; ryhm\u00e4t Tuo tiimisi maalle ja mets\u00e4\u00e4n Matkailutilamme hyv\u00e4 sijainti (Helsinki 120 km, Tampere 70 km, Turku 130 km)ja monipuoliset tilat mahdollistavat monenlaiset tilaisuudet maalaismilj\u00f6\u00f6ss\u00e4. Upea savusauna grillikotineen sek\u00e4 kaunis milj\u00f6\u00f6, jossa liikunta on nautinto, ovat asioita,joista kostuu toimiva kokous-, tyky- tai muu yhteis\u00f6nne erityinen p\u00e4iv\u00e4. Vanhaan navettaamme kunnostettu juhlatila tarjoaa tilan kokouksiin jopa","og_url":"https:\/\/konnola.fi\/en\/yritykset-ryhmat\/","og_site_name":"K\u00f6nn\u00f6l\u00e4n Matkailutila","article_publisher":"https:\/\/www.facebook.com\/konnolanmatkailutila\/","article_modified_time":"2026-02-14T08:52:19+00:00","og_image":[{"width":675,"height":675,"url":"https:\/\/konnola.fi\/wordpress\/wp-content\/uploads\/2025\/03\/triffle-e1742543654488.jpg","type":"image\/jpeg"}],"twitter_card":"summary_large_image","twitter_misc":{"Estimated reading time":"2 minutes"},"schema":{"@context":"https:\/\/schema.org","@graph":[{"@type":"WebPage","@id":"https:\/\/konnola.fi\/yritykset-ryhmat\/","url":"https:\/\/konnola.fi\/yritykset-ryhmat\/","name":"Yritykset & ryhm\u00e4t - K\u00f6nn\u00f6l\u00e4n Matkailutila","isPartOf":{"@id":"https:\/\/konnola.fi\/#website"},"primaryImageOfPage":{"@id":"https:\/\/konnola.fi\/yritykset-ryhmat\/#primaryimage"},"image":{"@id":"https:\/\/konnola.fi\/yritykset-ryhmat\/#primaryimage"},"thumbnailUrl":"https:\/\/konnola.fi\/wordpress\/wp-content\/uploads\/2025\/03\/triffle-e1742543654488.jpg","datePublished":"2025-03-21T07:38:16+00:00","dateModified":"2026-02-14T08:52:19+00:00","breadcrumb":{"@id":"https:\/\/konnola.fi\/yritykset-ryhmat\/#breadcrumb"},"inLanguage":"en-GB","potentialAction":[{"@type":"ReadAction","target":["https:\/\/konnola.fi\/yritykset-ryhmat\/"]}]},{"@type":"ImageObject","inLanguage":"en-GB","@id":"https:\/\/konnola.fi\/yritykset-ryhmat\/#primaryimage","url":"https:\/\/konnola.fi\/wordpress\/wp-content\/uploads\/2025\/03\/triffle-e1742543654488.jpg","contentUrl":"https:\/\/konnola.fi\/wordpress\/wp-content\/uploads\/2025\/03\/triffle-e1742543654488.jpg"},{"@type":"BreadcrumbList","@id":"https:\/\/konnola.fi\/yritykset-ryhmat\/#breadcrumb","itemListElement":[{"@type":"ListItem","position":1,"name":"Etusivu","item":"https:\/\/konnola.fi\/"},{"@type":"ListItem","position":2,"name":"Yritykset &#038; ryhm\u00e4t"}]},{"@type":"WebSite","@id":"https:\/\/konnola.fi\/#website","url":"https:\/\/konnola.fi\/","name":"K\u00f6nn\u00f6l\u00e4n Matkailutila","description":"Vuokram\u00f6kit &amp; juhla- ja kokoustilat H\u00e4meenlinnassa","publisher":{"@id":"https:\/\/konnola.fi\/#organization"},"potentialAction":[{"@type":"SearchAction","target":{"@type":"EntryPoint","urlTemplate":"https:\/\/konnola.fi\/?s={search_term_string}"},"query-input":{"@type":"PropertyValueSpecification","valueRequired":true,"valueName":"search_term_string"}}],"inLanguage":"en-GB"},{"@type":"Organization","@id":"https:\/\/konnola.fi\/#organization","name":"K\u00f6nn\u00f6l\u00e4n Matkailutila","url":"https:\/\/konnola.fi\/","logo":{"@type":"ImageObject","inLanguage":"en-GB","@id":"https:\/\/konnola.fi\/#\/schema\/logo\/image\/","url":"https:\/\/konnola.fi\/wordpress\/wp-content\/uploads\/2025\/07\/KONNOLAN-MATKAILUTILA-logo.png","contentUrl":"https:\/\/konnola.fi\/wordpress\/wp-content\/uploads\/2025\/07\/KONNOLAN-MATKAILUTILA-logo.png","width":500,"height":500,"caption":"K\u00f6nn\u00f6l\u00e4n Matkailutila"},"image":{"@id":"https:\/\/konnola.fi\/#\/schema\/logo\/image\/"},"sameAs":["https:\/\/www.facebook.com\/konnolanmatkailutila\/","https:\/\/www.instagram.com\/konnolanmatkailutila"]}]}},"_links":{"self":[{"href":"https:\/\/konnola.fi\/en\/wp-json\/wp\/v2\/pages\/4473","targetHints":{"allow":["GET"]}}],"collection":[{"href":"https:\/\/konnola.fi\/en\/wp-json\/wp\/v2\/pages"}],"about":[{"href":"https:\/\/konnola.fi\/en\/wp-json\/wp\/v2\/types\/page"}],"author":[{"embeddable":true,"href":"https:\/\/konnola.fi\/en\/wp-json\/wp\/v2\/users\/1"}],"replies":[{"embeddable":true,"href":"https:\/\/konnola.fi\/en\/wp-json\/wp\/v2\/comments?post=4473"}],"version-history":[{"count":34,"href":"https:\/\/konnola.fi\/en\/wp-json\/wp\/v2\/pages\/4473\/revisions"}],"predecessor-version":[{"id":7224,"href":"https:\/\/konnola.fi\/en\/wp-json\/wp\/v2\/pages\/4473\/revisions\/7224"}],"wp:attachment":[{"href":"https:\/\/konnola.fi\/en\/wp-json\/wp\/v2\/media?parent=4473"}],"curies":[{"name":"wp","href":"https:\/\/api.w.org\/{rel}","templated":true}]}}